{"id":8420,"date":"2024-10-22T16:02:34","date_gmt":"2024-10-22T16:02:34","guid":{"rendered":"https:\/\/lmpetshop.pt\/?post_type=product&#038;p=8420"},"modified":"2026-03-30T09:41:18","modified_gmt":"2026-03-30T09:41:18","slug":"max-economic-cao-18kg","status":"publish","type":"product","link":"https:\/\/lmpetshop.pt\/index.php\/product\/max-economic-cao-18kg\/","title":{"rendered":"Max Economic C\u00e3o 18kg"},"content":{"rendered":"<p>Uma ra\u00e7\u00e3o a uma \u00f3tima rela\u00e7\u00e3o pre\u00e7o &#8211; qualidade , para o seu c\u00e3o adulto.<\/p>\n<p><strong>Embalagem 18kg\u00a0<\/strong><\/p>\n","protected":false},"excerpt":{"rendered":"<p>Uma ra\u00e7\u00e3o a uma \u00f3tima rela\u00e7\u00e3o pre\u00e7o &#8211; qualidade , para o seu c\u00e3o adulto. Embalagem 18kg\u00a0<\/p>\n","protected":false},"featured_media":8421,"comment_status":"open","ping_status":"closed","template":"","meta":{"om_disable_all_campaigns":false,"inline_featured_image":false,"_monsterinsights_skip_tracking":false,"_monsterinsights_sitenote_active":false,"_monsterinsights_sitenote_note":"","_monsterinsights_sitenote_category":0},"product_cat":[87,89],"product_tag":[],"class_list":["post-8420","product","type-product","status-publish","has-post-thumbnail","hentry","product_cat-caes","product_cat-racao-seca-cao","product_brand-caes"],"_links":{"self":[{"href":"https:\/\/lmpetshop.pt\/index.php\/wp-json\/wp\/v2\/product\/8420"}],"collection":[{"href":"https:\/\/lmpetshop.pt\/index.php\/wp-json\/wp\/v2\/product"}],"about":[{"href":"https:\/\/lmpetshop.pt\/index.php\/wp-json\/wp\/v2\/types\/product"}],"replies":[{"embeddable":true,"href":"https:\/\/lmpetshop.pt\/index.php\/wp-json\/wp\/v2\/comments?post=8420"}],"wp:featuredmedia":[{"embeddable":true,"href":"https:\/\/lmpetshop.pt\/index.php\/wp-json\/wp\/v2\/media\/8421"}],"wp:attachment":[{"href":"https:\/\/lmpetshop.pt\/index.php\/wp-json\/wp\/v2\/media?parent=8420"}],"wp:term":[{"taxonomy":"product_cat","embeddable":true,"href":"https:\/\/lmpetshop.pt\/index.php\/wp-json\/wp\/v2\/product_cat?post=8420"},{"taxonomy":"product_tag","embeddable":true,"href":"https:\/\/lmpetshop.pt\/index.php\/wp-json\/wp\/v2\/product_tag?post=8420"}],"curies":[{"name":"wp","href":"https:\/\/api.w.org\/{rel}","templated":true}]}}