{"id":8412,"date":"2024-10-22T14:42:08","date_gmt":"2024-10-22T14:42:08","guid":{"rendered":"https:\/\/lmpetshop.pt\/?post_type=product&#038;p=8412"},"modified":"2024-10-22T14:42:09","modified_gmt":"2024-10-22T14:42:09","slug":"royal-canin-bichon-maltes-adulto-15kg","status":"publish","type":"product","link":"https:\/\/lmpetshop.pt\/index.php\/product\/royal-canin-bichon-maltes-adulto-15kg\/","title":{"rendered":"Royal Canin Bich\u00f3n Malt\u00e9s Adulto 1,5kg"},"content":{"rendered":"<p>Animados, afectuosos e altamente inteligentes, os c\u00e3es malteses s\u00e3o excelentes companheiros. Porque cada ra\u00e7a tem necessidades diferentes, a comida que escolhe para o seu malt\u00eas \u00e9 importante quando se trata de apoiar uma sa\u00fade \u00f3ptima. Adequado para c\u00e3es malteses com 10 meses de idade ou mais, ROYAL CANIN\u00ae Maltese Adult \u00e9 especialmente formulado tendo em mente todas as necessidades nutricionais do seu c\u00e3o adulto. Para manter uma pele saud\u00e1vel e para manter o seu p\u00ealo branco, macio e sedoso imaculado, o c\u00e3o malt\u00eas precisa idealmente de ser escovado todos os dias.<br \/>\nA nutri\u00e7\u00e3o \u00e9 tamb\u00e9m essencial para a sa\u00fade da pele e do p\u00ealo &#8211; \u00e9 por isso que ROYAL CANIN\u00ae Maltese Adult cont\u00e9m nutrientes especialmente adaptados para manter o p\u00ealo do seu c\u00e3o malt\u00eas saud\u00e1vel e bonito.<br \/>\nEstes nutrientes incluem os \u00e1cidos gordos \u00f3mega-3 EPA e DHA e o \u00f3leo de borragem.<\/p>\n","protected":false},"excerpt":{"rendered":"<p>Animados, afectuosos e altamente inteligentes, os c\u00e3es malteses s\u00e3o excelentes companheiros. Porque cada ra\u00e7a tem necessidades diferentes, a comida que escolhe para o seu malt\u00eas \u00e9 importante quando se trata de apoiar uma sa\u00fade \u00f3ptima. Adequado para c\u00e3es malteses com 10 meses de idade ou mais, ROYAL CANIN\u00ae Maltese Adult \u00e9 especialmente formulado tendo em [&hellip;]<\/p>\n","protected":false},"featured_media":8413,"comment_status":"open","ping_status":"closed","template":"","meta":{"om_disable_all_campaigns":false,"inline_featured_image":false,"_monsterinsights_skip_tracking":false,"_monsterinsights_sitenote_active":false,"_monsterinsights_sitenote_note":"","_monsterinsights_sitenote_category":0},"product_cat":[87,89],"product_tag":[],"class_list":["post-8412","product","type-product","status-publish","has-post-thumbnail","hentry","product_cat-caes","product_cat-racao-seca-cao","product_brand-caes","product_brand-royal-canin"],"_links":{"self":[{"href":"https:\/\/lmpetshop.pt\/index.php\/wp-json\/wp\/v2\/product\/8412"}],"collection":[{"href":"https:\/\/lmpetshop.pt\/index.php\/wp-json\/wp\/v2\/product"}],"about":[{"href":"https:\/\/lmpetshop.pt\/index.php\/wp-json\/wp\/v2\/types\/product"}],"replies":[{"embeddable":true,"href":"https:\/\/lmpetshop.pt\/index.php\/wp-json\/wp\/v2\/comments?post=8412"}],"wp:featuredmedia":[{"embeddable":true,"href":"https:\/\/lmpetshop.pt\/index.php\/wp-json\/wp\/v2\/media\/8413"}],"wp:attachment":[{"href":"https:\/\/lmpetshop.pt\/index.php\/wp-json\/wp\/v2\/media?parent=8412"}],"wp:term":[{"taxonomy":"product_cat","embeddable":true,"href":"https:\/\/lmpetshop.pt\/index.php\/wp-json\/wp\/v2\/product_cat?post=8412"},{"taxonomy":"product_tag","embeddable":true,"href":"https:\/\/lmpetshop.pt\/index.php\/wp-json\/wp\/v2\/product_tag?post=8412"}],"curies":[{"name":"wp","href":"https:\/\/api.w.org\/{rel}","templated":true}]}}