{"id":8409,"date":"2024-10-22T11:25:55","date_gmt":"2024-10-22T11:25:55","guid":{"rendered":"https:\/\/lmpetshop.pt\/?post_type=product&#038;p=8409"},"modified":"2024-10-22T11:25:55","modified_gmt":"2024-10-22T11:25:55","slug":"deli-nature-menu-furao-25kg","status":"publish","type":"product","link":"https:\/\/lmpetshop.pt\/index.php\/product\/deli-nature-menu-furao-25kg\/","title":{"rendered":"Deli Nature Menu Fur\u00e3o 2,5kg"},"content":{"rendered":"<p>O Deli Nature Menu 5* Fur\u00f5es \u00e9 um alimento completo que atende \u00e0s necessidades nutricionais do seu fur\u00e3o, uma mistura composta com gr\u00e2nulos extrudidos 100% de alta digestibilidade, cont\u00e9m prote\u00edna animal de elevada qualidade de frango e de peixe e todos os nutrientes necess\u00e1rios (amino\u00e1cidos, vitaminas, &#8230;) para uma vitalidade e energia extra e uma condi\u00e7\u00e3o \u00f3ptima.<\/p>\n<p><strong>Composi\u00e7\u00e3o ;\u00a0<\/strong><br \/>\nCarne e derivados de animais, derivados de origem vegetal, \u00f3leos e gorduras, cereais, peixe e derivados de peixe, ovos e derivados de ovos, minerais, leveduras, oligossacar\u00eddeos de frutos<\/p>\n<p><strong>Embalagem de 2,5 kg<\/strong><\/p>\n","protected":false},"excerpt":{"rendered":"<p>O Deli Nature Menu 5* Fur\u00f5es \u00e9 um alimento completo que atende \u00e0s necessidades nutricionais do seu fur\u00e3o, uma mistura composta com gr\u00e2nulos extrudidos 100% de alta digestibilidade, cont\u00e9m prote\u00edna animal de elevada qualidade de frango e de peixe e todos os nutrientes necess\u00e1rios (amino\u00e1cidos, vitaminas, &#8230;) para uma vitalidade e energia extra e uma [&hellip;]<\/p>\n","protected":false},"featured_media":8410,"comment_status":"open","ping_status":"closed","template":"","meta":{"om_disable_all_campaigns":false,"inline_featured_image":false,"_monsterinsights_skip_tracking":false,"_monsterinsights_sitenote_active":false,"_monsterinsights_sitenote_note":"","_monsterinsights_sitenote_category":0},"product_cat":[116,115],"product_tag":[],"class_list":["post-8409","product","type-product","status-publish","has-post-thumbnail","hentry","product_cat-comida","product_cat-roedores","product_brand-roedores"],"_links":{"self":[{"href":"https:\/\/lmpetshop.pt\/index.php\/wp-json\/wp\/v2\/product\/8409"}],"collection":[{"href":"https:\/\/lmpetshop.pt\/index.php\/wp-json\/wp\/v2\/product"}],"about":[{"href":"https:\/\/lmpetshop.pt\/index.php\/wp-json\/wp\/v2\/types\/product"}],"replies":[{"embeddable":true,"href":"https:\/\/lmpetshop.pt\/index.php\/wp-json\/wp\/v2\/comments?post=8409"}],"wp:featuredmedia":[{"embeddable":true,"href":"https:\/\/lmpetshop.pt\/index.php\/wp-json\/wp\/v2\/media\/8410"}],"wp:attachment":[{"href":"https:\/\/lmpetshop.pt\/index.php\/wp-json\/wp\/v2\/media?parent=8409"}],"wp:term":[{"taxonomy":"product_cat","embeddable":true,"href":"https:\/\/lmpetshop.pt\/index.php\/wp-json\/wp\/v2\/product_cat?post=8409"},{"taxonomy":"product_tag","embeddable":true,"href":"https:\/\/lmpetshop.pt\/index.php\/wp-json\/wp\/v2\/product_tag?post=8409"}],"curies":[{"name":"wp","href":"https:\/\/api.w.org\/{rel}","templated":true}]}}