{"id":8406,"date":"2024-10-22T11:15:10","date_gmt":"2024-10-22T11:15:10","guid":{"rendered":"https:\/\/lmpetshop.pt\/?post_type=product&#038;p=8406"},"modified":"2024-10-22T11:16:45","modified_gmt":"2024-10-22T11:16:45","slug":"deli-nature-menu-5-para-chinchilas-2-5kg","status":"publish","type":"product","link":"https:\/\/lmpetshop.pt\/index.php\/product\/deli-nature-menu-5-para-chinchilas-2-5kg\/","title":{"rendered":"Deli Nature Menu 5* para Chinchilas 2.5kg"},"content":{"rendered":"<p><strong>Deli Nature Menupara Chinchilas<\/strong> \u00e9 uma mistura extremamente variada e equilibrada com alto teor de fibras, para satisfazer as necessidades nutricionais das chinchilas. Este menu \u00e9 baseado em 15 ingredientes naturais e tamb\u00e9m enriquecido com Rosa Mosqueta, uma iguaria saud\u00e1vel para qualquer chinchila.<\/p>\n<p>A Rosa Mosqueta cont\u00e9m muita fibra e contribui para a preven\u00e7\u00e3o do desgaste dent\u00e1rio.<\/p>\n<p>Al\u00e9m disso, cont\u00e9m pellets extrusados \u200b\u200bque fornecem as vitaminas, minerais e oligoelementos necess\u00e1rios, contendo fibra bruta, peda\u00e7os de frutas e vegetais.<\/p>\n<p>&nbsp;<\/p>\n<p><strong>Recomenda\u00e7\u00f5es nutricionais:<\/strong><\/p>\n<p>Uma chinchila come em m\u00e9dia 30 a 40 gramas de comida por dia.<br \/>\nCertifique-se de que as suas chinchilas t\u00eam acesso a \u00e1gua pot\u00e1vel e feno.<\/p>\n<p><strong>\u00a0Embalagem com 2,5 kg.<\/strong><\/p>\n","protected":false},"excerpt":{"rendered":"<p>Deli Nature Menupara Chinchilas \u00e9 uma mistura extremamente variada e equilibrada com alto teor de fibras, para satisfazer as necessidades nutricionais das chinchilas. Este menu \u00e9 baseado em 15 ingredientes naturais e tamb\u00e9m enriquecido com Rosa Mosqueta, uma iguaria saud\u00e1vel para qualquer chinchila. A Rosa Mosqueta cont\u00e9m muita fibra e contribui para a preven\u00e7\u00e3o do [&hellip;]<\/p>\n","protected":false},"featured_media":8407,"comment_status":"open","ping_status":"closed","template":"","meta":{"om_disable_all_campaigns":false,"inline_featured_image":false,"_monsterinsights_skip_tracking":false,"_monsterinsights_sitenote_active":false,"_monsterinsights_sitenote_note":"","_monsterinsights_sitenote_category":0},"product_cat":[116,115],"product_tag":[],"class_list":["post-8406","product","type-product","status-publish","has-post-thumbnail","hentry","product_cat-comida","product_cat-roedores","product_brand-roedores","product_brand-vitapol"],"_links":{"self":[{"href":"https:\/\/lmpetshop.pt\/index.php\/wp-json\/wp\/v2\/product\/8406"}],"collection":[{"href":"https:\/\/lmpetshop.pt\/index.php\/wp-json\/wp\/v2\/product"}],"about":[{"href":"https:\/\/lmpetshop.pt\/index.php\/wp-json\/wp\/v2\/types\/product"}],"replies":[{"embeddable":true,"href":"https:\/\/lmpetshop.pt\/index.php\/wp-json\/wp\/v2\/comments?post=8406"}],"wp:featuredmedia":[{"embeddable":true,"href":"https:\/\/lmpetshop.pt\/index.php\/wp-json\/wp\/v2\/media\/8407"}],"wp:attachment":[{"href":"https:\/\/lmpetshop.pt\/index.php\/wp-json\/wp\/v2\/media?parent=8406"}],"wp:term":[{"taxonomy":"product_cat","embeddable":true,"href":"https:\/\/lmpetshop.pt\/index.php\/wp-json\/wp\/v2\/product_cat?post=8406"},{"taxonomy":"product_tag","embeddable":true,"href":"https:\/\/lmpetshop.pt\/index.php\/wp-json\/wp\/v2\/product_tag?post=8406"}],"curies":[{"name":"wp","href":"https:\/\/api.w.org\/{rel}","templated":true}]}}