{"id":8389,"date":"2024-10-17T14:12:57","date_gmt":"2024-10-17T14:12:57","guid":{"rendered":"https:\/\/lmpetshop.pt\/?post_type=product&#038;p=8389"},"modified":"2024-10-17T14:13:50","modified_gmt":"2024-10-17T14:13:50","slug":"vitapol-smakers-agaporn","status":"publish","type":"product","link":"https:\/\/lmpetshop.pt\/index.php\/product\/vitapol-smakers-agaporn\/","title":{"rendered":"Vitapol Smakers Snack &#8211; Agaporn"},"content":{"rendered":"<p>Embalagem com duas barras de alimento para o seu p\u00e1ssaro, com sabor a fruta.<\/p>\n<p><strong>Indica\u00e7\u00f5es:\u00a0<\/strong><br \/>\nServir como complemento \u00e1 ra\u00e7\u00e3o base.<\/p>\n","protected":false},"excerpt":{"rendered":"<p>Embalagem com duas barras de alimento para o seu p\u00e1ssaro, com sabor a fruta. Indica\u00e7\u00f5es:\u00a0 Servir como complemento \u00e1 ra\u00e7\u00e3o base.<\/p>\n","protected":false},"featured_media":8390,"comment_status":"open","ping_status":"closed","template":"","meta":{"om_disable_all_campaigns":false,"inline_featured_image":false,"_monsterinsights_skip_tracking":false,"_monsterinsights_sitenote_active":false,"_monsterinsights_sitenote_note":"","_monsterinsights_sitenote_category":0},"product_cat":[132,135],"product_tag":[],"class_list":["post-8389","product","type-product","status-publish","has-post-thumbnail","hentry","product_cat-passaros","product_cat-snacks-para-passaros","product_brand-vitapol-passaros"],"_links":{"self":[{"href":"https:\/\/lmpetshop.pt\/index.php\/wp-json\/wp\/v2\/product\/8389"}],"collection":[{"href":"https:\/\/lmpetshop.pt\/index.php\/wp-json\/wp\/v2\/product"}],"about":[{"href":"https:\/\/lmpetshop.pt\/index.php\/wp-json\/wp\/v2\/types\/product"}],"replies":[{"embeddable":true,"href":"https:\/\/lmpetshop.pt\/index.php\/wp-json\/wp\/v2\/comments?post=8389"}],"wp:featuredmedia":[{"embeddable":true,"href":"https:\/\/lmpetshop.pt\/index.php\/wp-json\/wp\/v2\/media\/8390"}],"wp:attachment":[{"href":"https:\/\/lmpetshop.pt\/index.php\/wp-json\/wp\/v2\/media?parent=8389"}],"wp:term":[{"taxonomy":"product_cat","embeddable":true,"href":"https:\/\/lmpetshop.pt\/index.php\/wp-json\/wp\/v2\/product_cat?post=8389"},{"taxonomy":"product_tag","embeddable":true,"href":"https:\/\/lmpetshop.pt\/index.php\/wp-json\/wp\/v2\/product_tag?post=8389"}],"curies":[{"name":"wp","href":"https:\/\/api.w.org\/{rel}","templated":true}]}}