{"id":8355,"date":"2024-10-16T14:43:44","date_gmt":"2024-10-16T14:43:44","guid":{"rendered":"https:\/\/lmpetshop.pt\/?post_type=product&#038;p=8355"},"modified":"2024-10-16T14:47:23","modified_gmt":"2024-10-16T14:47:23","slug":"purina-friskies-adulto-coelho-4kg","status":"publish","type":"product","link":"https:\/\/lmpetshop.pt\/index.php\/product\/purina-friskies-adulto-coelho-4kg\/","title":{"rendered":"PURINA Friskies Adulto COELHO 4kg"},"content":{"rendered":"<p>Ra\u00e7\u00e3o completa para gatos adultos, alimento completo com deliciosos croquetes contendo prote\u00ednas de alta qualidade, vitaminas e minerais. Apoia as defesas naturais e refor\u00e7a a massa muscular.<\/p>\n<p>PURINA Friskies com coelho, frango e legumes, oferece ao seu gato adulto um \u00f3tima combina\u00e7\u00e3o de nutrientes e uma elevada aceita\u00e7\u00e3o.<\/p>\n<p><strong>Caracter\u00edsticas gerais:<\/strong><\/p>\n<ul>\n<li>Comida completa para gatos adultos<\/li>\n<li><strong>Croquetes deliciosos e crocantes<\/strong>\u00a0que aumentam a aceita\u00e7\u00e3o gra\u00e7as \u00e0 sua textura<\/li>\n<li><strong>Apoia a sa\u00fade do trato urin\u00e1rio:\u00a0<\/strong>gra\u00e7as \u00e0 quantidade equilibrada de minerais.<\/li>\n<li><strong>Prote\u00ednas importantes:\u00a0<\/strong>para fornecer ao seu gato a quantidade necess\u00e1ria e para fortalecer os m\u00fasculos<\/li>\n<li><strong>\u00c1cidos gordos essenciais:\u00a0<\/strong>para uma pele saud\u00e1vel e um pelo brilhante<\/li>\n<li><strong>Minerais e vitamina D:\u00a0<\/strong>para ossos e dentes fortes<\/li>\n<li><strong>100% completo e equilibrado:\u00a0<\/strong>para um perfil nutricional ideal<\/li>\n<li><strong>Fibras de origem natural:\u00a0<\/strong>para uma digest\u00e3o ideal<\/li>\n<li><strong>Sem\u00a0<\/strong>corantes artificiais<\/li>\n<\/ul>\n","protected":false},"excerpt":{"rendered":"<p>Ra\u00e7\u00e3o completa para gatos adultos, alimento completo com deliciosos croquetes contendo prote\u00ednas de alta qualidade, vitaminas e minerais. Apoia as defesas naturais e refor\u00e7a a massa muscular. PURINA Friskies com coelho, frango e legumes, oferece ao seu gato adulto um \u00f3tima combina\u00e7\u00e3o de nutrientes e uma elevada aceita\u00e7\u00e3o. Caracter\u00edsticas gerais: Comida completa para gatos adultos [&hellip;]<\/p>\n","protected":false},"featured_media":8357,"comment_status":"open","ping_status":"closed","template":"","meta":{"om_disable_all_campaigns":false,"inline_featured_image":false,"_monsterinsights_skip_tracking":false,"_monsterinsights_sitenote_active":false,"_monsterinsights_sitenote_note":"","_monsterinsights_sitenote_category":0},"product_cat":[102,103],"product_tag":[],"class_list":["post-8355","product","type-product","status-publish","has-post-thumbnail","hentry","product_cat-gatos","product_cat-racao-seca-gatos","product_brand-friskies"],"_links":{"self":[{"href":"https:\/\/lmpetshop.pt\/index.php\/wp-json\/wp\/v2\/product\/8355"}],"collection":[{"href":"https:\/\/lmpetshop.pt\/index.php\/wp-json\/wp\/v2\/product"}],"about":[{"href":"https:\/\/lmpetshop.pt\/index.php\/wp-json\/wp\/v2\/types\/product"}],"replies":[{"embeddable":true,"href":"https:\/\/lmpetshop.pt\/index.php\/wp-json\/wp\/v2\/comments?post=8355"}],"wp:featuredmedia":[{"embeddable":true,"href":"https:\/\/lmpetshop.pt\/index.php\/wp-json\/wp\/v2\/media\/8357"}],"wp:attachment":[{"href":"https:\/\/lmpetshop.pt\/index.php\/wp-json\/wp\/v2\/media?parent=8355"}],"wp:term":[{"taxonomy":"product_cat","embeddable":true,"href":"https:\/\/lmpetshop.pt\/index.php\/wp-json\/wp\/v2\/product_cat?post=8355"},{"taxonomy":"product_tag","embeddable":true,"href":"https:\/\/lmpetshop.pt\/index.php\/wp-json\/wp\/v2\/product_tag?post=8355"}],"curies":[{"name":"wp","href":"https:\/\/api.w.org\/{rel}","templated":true}]}}