{"id":8351,"date":"2024-10-16T14:10:44","date_gmt":"2024-10-16T14:10:44","guid":{"rendered":"https:\/\/lmpetshop.pt\/?post_type=product&#038;p=8351"},"modified":"2024-10-16T14:10:44","modified_gmt":"2024-10-16T14:10:44","slug":"arion-essential-basic-18kg","status":"publish","type":"product","link":"https:\/\/lmpetshop.pt\/index.php\/product\/arion-essential-basic-18kg\/","title":{"rendered":"Arion Essential Basic 18KG"},"content":{"rendered":"<p><strong>Essential Arion Basic 18kg <\/strong>\u00e9 um alimento completo e equilibrado para a manuten\u00e7\u00e3o de c\u00e3es adultos. Fornece os nutrientes necess\u00e1rios para o bom estado geral do c\u00e3o.<\/p>\n","protected":false},"excerpt":{"rendered":"<p>Essential Arion Basic 18kg \u00e9 um alimento completo e equilibrado para a manuten\u00e7\u00e3o de c\u00e3es adultos. Fornece os nutrientes necess\u00e1rios para o bom estado geral do c\u00e3o.<\/p>\n","protected":false},"featured_media":8352,"comment_status":"open","ping_status":"closed","template":"","meta":{"om_disable_all_campaigns":false,"inline_featured_image":false,"_monsterinsights_skip_tracking":false,"_monsterinsights_sitenote_active":false,"_monsterinsights_sitenote_note":"","_monsterinsights_sitenote_category":0},"product_cat":[87,89],"product_tag":[],"class_list":["post-8351","product","type-product","status-publish","has-post-thumbnail","hentry","product_cat-caes","product_cat-racao-seca-cao","product_brand-arion-caes","product_brand-caes"],"_links":{"self":[{"href":"https:\/\/lmpetshop.pt\/index.php\/wp-json\/wp\/v2\/product\/8351"}],"collection":[{"href":"https:\/\/lmpetshop.pt\/index.php\/wp-json\/wp\/v2\/product"}],"about":[{"href":"https:\/\/lmpetshop.pt\/index.php\/wp-json\/wp\/v2\/types\/product"}],"replies":[{"embeddable":true,"href":"https:\/\/lmpetshop.pt\/index.php\/wp-json\/wp\/v2\/comments?post=8351"}],"wp:featuredmedia":[{"embeddable":true,"href":"https:\/\/lmpetshop.pt\/index.php\/wp-json\/wp\/v2\/media\/8352"}],"wp:attachment":[{"href":"https:\/\/lmpetshop.pt\/index.php\/wp-json\/wp\/v2\/media?parent=8351"}],"wp:term":[{"taxonomy":"product_cat","embeddable":true,"href":"https:\/\/lmpetshop.pt\/index.php\/wp-json\/wp\/v2\/product_cat?post=8351"},{"taxonomy":"product_tag","embeddable":true,"href":"https:\/\/lmpetshop.pt\/index.php\/wp-json\/wp\/v2\/product_tag?post=8351"}],"curies":[{"name":"wp","href":"https:\/\/api.w.org\/{rel}","templated":true}]}}