{"id":8310,"date":"2024-10-15T16:22:19","date_gmt":"2024-10-15T16:22:19","guid":{"rendered":"https:\/\/lmpetshop.pt\/?post_type=product&#038;p=8310"},"modified":"2024-10-15T16:22:19","modified_gmt":"2024-10-15T16:22:19","slug":"colchao-ovalado","status":"publish","type":"product","link":"https:\/\/lmpetshop.pt\/index.php\/product\/colchao-ovalado\/","title":{"rendered":"Colch\u00e3o ovalado"},"content":{"rendered":"<p>Colch\u00e3o modelo GENA para o seu animal , estampado com v\u00e1rios padr\u00f5es.<br \/>\nMedidas ; 40x28x11cm<\/p>\n","protected":false},"excerpt":{"rendered":"<p>Colch\u00e3o modelo GENA para o seu animal , estampado com v\u00e1rios padr\u00f5es. Medidas ; 40x28x11cm<\/p>\n","protected":false},"featured_media":8311,"comment_status":"open","ping_status":"closed","template":"","meta":{"om_disable_all_campaigns":false,"inline_featured_image":false,"_monsterinsights_skip_tracking":false,"_monsterinsights_sitenote_active":false,"_monsterinsights_sitenote_note":"","_monsterinsights_sitenote_category":0},"product_cat":[87,111,98,102],"product_tag":[],"class_list":["post-8310","product","type-product","status-publish","has-post-thumbnail","hentry","product_cat-caes","product_cat-camas-e-casas","product_cat-camas-e-mantas-para-caes","product_cat-gatos"],"_links":{"self":[{"href":"https:\/\/lmpetshop.pt\/index.php\/wp-json\/wp\/v2\/product\/8310"}],"collection":[{"href":"https:\/\/lmpetshop.pt\/index.php\/wp-json\/wp\/v2\/product"}],"about":[{"href":"https:\/\/lmpetshop.pt\/index.php\/wp-json\/wp\/v2\/types\/product"}],"replies":[{"embeddable":true,"href":"https:\/\/lmpetshop.pt\/index.php\/wp-json\/wp\/v2\/comments?post=8310"}],"wp:featuredmedia":[{"embeddable":true,"href":"https:\/\/lmpetshop.pt\/index.php\/wp-json\/wp\/v2\/media\/8311"}],"wp:attachment":[{"href":"https:\/\/lmpetshop.pt\/index.php\/wp-json\/wp\/v2\/media?parent=8310"}],"wp:term":[{"taxonomy":"product_cat","embeddable":true,"href":"https:\/\/lmpetshop.pt\/index.php\/wp-json\/wp\/v2\/product_cat?post=8310"},{"taxonomy":"product_tag","embeddable":true,"href":"https:\/\/lmpetshop.pt\/index.php\/wp-json\/wp\/v2\/product_tag?post=8310"}],"curies":[{"name":"wp","href":"https:\/\/api.w.org\/{rel}","templated":true}]}}