{"id":7877,"date":"2023-04-12T16:49:44","date_gmt":"2023-04-12T16:49:44","guid":{"rendered":"https:\/\/lmpetshop.pt\/?post_type=product&#038;p=7877"},"modified":"2023-05-10T16:02:03","modified_gmt":"2023-05-10T16:02:03","slug":"hamster-crispy-saco-stand-up-1kg","status":"publish","type":"product","link":"https:\/\/lmpetshop.pt\/index.php\/product\/hamster-crispy-saco-stand-up-1kg\/","title":{"rendered":"HAMSTER CRISPY SACO STAND UP 1KG"},"content":{"rendered":"<p>Mistura saborosa e rica em prote\u00ednas para Hamsters roedores omn\u00edvoros \u00e9 um alimento completo com deliciosos gr\u00e3os, legumes e nozes saborosas.<br \/>\nCont\u00e9m muesli crocante com todos os nutrientes que o seu hamster precisa para viver uma vida longa, saud\u00e1vel e feliz.<\/p>\n<p>A composi\u00e7\u00e3o rica em energia tamb\u00e9m mant\u00e9m os animais em grande forma.<\/p>\n<p>Modo de uso<br \/>\nFornecer at\u00e9 15 g por animal por dia. Reduza a quantidade de alimenta\u00e7\u00e3o principal quando voc\u00ea tamb\u00e9m der Snacks (m\u00e1x. 25% da ra\u00e7\u00e3o total).<\/p>\n<p>Fornecer \u00e1gua em abundancia<\/p>\n<p>Constituintes anal\u00edticos<br \/>\nProte\u00edna 15 %<br \/>\nO teor de gordura 10 %<br \/>\nFibra bruta 7 %<br \/>\nCinza bruta 3 %<br \/>\nC\u00e1lcio 0,5 %<br \/>\nF\u00f3sforo 0,4 %<\/p>\n<p>Aditivos nutricionais<br \/>\nVitamina A 9.100 UI \/ kg<br \/>\nVitamina D3 1.500 UI \/ kg<br \/>\nA vitamina E 35 mg \/ kg<br \/>\nE1 (de ferro) 40 mg \/ kg<br \/>\nE2 (iodo) 1,5 mg \/ kg<br \/>\nE4 (cobre) 7 mg \/ kg<br \/>\nE5 (mangan\u00eas) 55 mg \/ kg<br \/>\nE6 (zinco) 51 mg \/ kg<br \/>\nE8 (sel\u00eanio) 0,15 mg \/ kg<br \/>\nCorante (s)<br \/>\nAntioxidante (s)<\/p>\n<p>Composi\u00e7\u00e3o<br \/>\nDerivados de origem vegetal<br \/>\nCereais 40 %<br \/>\nLegumes<br \/>\nMinerais<br \/>\nSementes<\/p>\n","protected":false},"excerpt":{"rendered":"<p>Mistura saborosa e rica em prote\u00ednas para Hamsters roedores omn\u00edvoros \u00e9 um alimento completo com deliciosos gr\u00e3os, legumes e nozes saborosas. Cont\u00e9m muesli crocante com todos os nutrientes que o seu hamster precisa para viver uma vida longa, saud\u00e1vel e feliz. A composi\u00e7\u00e3o rica em energia tamb\u00e9m mant\u00e9m os animais em grande forma. Modo de [&hellip;]<\/p>\n","protected":false},"featured_media":7878,"comment_status":"open","ping_status":"closed","template":"","meta":{"om_disable_all_campaigns":false,"inline_featured_image":false,"_monsterinsights_skip_tracking":false,"_monsterinsights_sitenote_active":false,"_monsterinsights_sitenote_note":"","_monsterinsights_sitenote_category":0},"product_cat":[116,115],"product_tag":[],"class_list":["post-7877","product","type-product","status-publish","has-post-thumbnail","hentry","product_cat-comida","product_cat-roedores","product_brand-versele-laga"],"_links":{"self":[{"href":"https:\/\/lmpetshop.pt\/index.php\/wp-json\/wp\/v2\/product\/7877"}],"collection":[{"href":"https:\/\/lmpetshop.pt\/index.php\/wp-json\/wp\/v2\/product"}],"about":[{"href":"https:\/\/lmpetshop.pt\/index.php\/wp-json\/wp\/v2\/types\/product"}],"replies":[{"embeddable":true,"href":"https:\/\/lmpetshop.pt\/index.php\/wp-json\/wp\/v2\/comments?post=7877"}],"wp:featuredmedia":[{"embeddable":true,"href":"https:\/\/lmpetshop.pt\/index.php\/wp-json\/wp\/v2\/media\/7878"}],"wp:attachment":[{"href":"https:\/\/lmpetshop.pt\/index.php\/wp-json\/wp\/v2\/media?parent=7877"}],"wp:term":[{"taxonomy":"product_cat","embeddable":true,"href":"https:\/\/lmpetshop.pt\/index.php\/wp-json\/wp\/v2\/product_cat?post=7877"},{"taxonomy":"product_tag","embeddable":true,"href":"https:\/\/lmpetshop.pt\/index.php\/wp-json\/wp\/v2\/product_tag?post=7877"}],"curies":[{"name":"wp","href":"https:\/\/api.w.org\/{rel}","templated":true}]}}