{"id":7787,"date":"2023-03-30T15:51:55","date_gmt":"2023-03-30T15:51:55","guid":{"rendered":"https:\/\/lmpetshop.pt\/?post_type=product&#038;p=7787"},"modified":"2024-10-16T13:36:20","modified_gmt":"2024-10-16T13:36:20","slug":"09-arion-friends-petit","status":"publish","type":"product","link":"https:\/\/lmpetshop.pt\/index.php\/product\/09-arion-friends-petit\/","title":{"rendered":"ARION FRIENDS PETIT 9kg"},"content":{"rendered":"<p>A sua composi\u00e7\u00e3o incorpora salm\u00e3o e \u00f3leo de salm\u00e3o, ingredientes que fornecem uma dose extra de \u00f3mega 3, tornando-o um produto ideal para o cuidado da pele e do pelo, para al\u00e9m de outros efeitos ben\u00e9ficos para o organismo concedidos por estes \u00e1cidos gordos essenciais.<\/p>\n<p>Ingredientes: Carne desidratada de vaca e porco, cevada integral, trigo integral, salm\u00e3o desidratado, arroz, carne desidratada de frango, gordura de ave, prote\u00edna hidrolisada de ave, polpa de beterraba, lecitina, F.O.S.<\/p>\n","protected":false},"excerpt":{"rendered":"<p>A sua composi\u00e7\u00e3o incorpora salm\u00e3o e \u00f3leo de salm\u00e3o, ingredientes que fornecem uma dose extra de \u00f3mega 3, tornando-o um produto ideal para o cuidado da pele e do pelo, para al\u00e9m de outros efeitos ben\u00e9ficos para o organismo concedidos por estes \u00e1cidos gordos essenciais. Ingredientes: Carne desidratada de vaca e porco, cevada integral, trigo [&hellip;]<\/p>\n","protected":false},"featured_media":8086,"comment_status":"open","ping_status":"closed","template":"","meta":{"om_disable_all_campaigns":false,"inline_featured_image":false,"_monsterinsights_skip_tracking":false,"_monsterinsights_sitenote_active":false,"_monsterinsights_sitenote_note":"","_monsterinsights_sitenote_category":0},"product_cat":[87,101],"product_tag":[],"class_list":["post-7787","product","type-product","status-publish","has-post-thumbnail","hentry","product_cat-caes","product_cat-especial-racas","product_brand-arion-caes","product_brand-caes"],"_links":{"self":[{"href":"https:\/\/lmpetshop.pt\/index.php\/wp-json\/wp\/v2\/product\/7787"}],"collection":[{"href":"https:\/\/lmpetshop.pt\/index.php\/wp-json\/wp\/v2\/product"}],"about":[{"href":"https:\/\/lmpetshop.pt\/index.php\/wp-json\/wp\/v2\/types\/product"}],"replies":[{"embeddable":true,"href":"https:\/\/lmpetshop.pt\/index.php\/wp-json\/wp\/v2\/comments?post=7787"}],"wp:featuredmedia":[{"embeddable":true,"href":"https:\/\/lmpetshop.pt\/index.php\/wp-json\/wp\/v2\/media\/8086"}],"wp:attachment":[{"href":"https:\/\/lmpetshop.pt\/index.php\/wp-json\/wp\/v2\/media?parent=7787"}],"wp:term":[{"taxonomy":"product_cat","embeddable":true,"href":"https:\/\/lmpetshop.pt\/index.php\/wp-json\/wp\/v2\/product_cat?post=7787"},{"taxonomy":"product_tag","embeddable":true,"href":"https:\/\/lmpetshop.pt\/index.php\/wp-json\/wp\/v2\/product_tag?post=7787"}],"curies":[{"name":"wp","href":"https:\/\/api.w.org\/{rel}","templated":true}]}}