{"id":7785,"date":"2023-03-30T15:50:42","date_gmt":"2023-03-30T15:50:42","guid":{"rendered":"https:\/\/lmpetshop.pt\/?post_type=product&#038;p=7785"},"modified":"2024-10-16T13:31:54","modified_gmt":"2024-10-16T13:31:54","slug":"14-arion-friend-vital-salmon","status":"publish","type":"product","link":"https:\/\/lmpetshop.pt\/index.php\/product\/14-arion-friend-vital-salmon\/","title":{"rendered":"ARION FRIEND VITAL SALMON 14kg"},"content":{"rendered":"<p>Carne de bovino e su\u00edno desidratada, cevada integral, trigo integral, salm\u00e3o desidratado, arroz, carne de frango desidratada, gordura de aves, prote\u00edna de aves hidrolisada, polpa de beterraba, lecitina, F.O.S.<\/p>\n<p>Incorpora salm\u00e3o e \u00f3leo de salm\u00e3o na sua composi\u00e7\u00e3o, ingredientes que fornecem uma dose extra de \u00f3mega 3, o que o torna um produto ideal para o cuidado da pele e do p\u00ealo, para al\u00e9m de outros efeitos ben\u00e9ficos para o corpo induzidos por estes \u00e1cidos gordos essenciais.<\/p>\n","protected":false},"excerpt":{"rendered":"<p>Carne de bovino e su\u00edno desidratada, cevada integral, trigo integral, salm\u00e3o desidratado, arroz, carne de frango desidratada, gordura de aves, prote\u00edna de aves hidrolisada, polpa de beterraba, lecitina, F.O.S. Incorpora salm\u00e3o e \u00f3leo de salm\u00e3o na sua composi\u00e7\u00e3o, ingredientes que fornecem uma dose extra de \u00f3mega 3, o que o torna um produto ideal para [&hellip;]<\/p>\n","protected":false},"featured_media":7786,"comment_status":"open","ping_status":"closed","template":"","meta":{"om_disable_all_campaigns":false,"inline_featured_image":false,"_monsterinsights_skip_tracking":false,"_monsterinsights_sitenote_active":false,"_monsterinsights_sitenote_note":"","_monsterinsights_sitenote_category":0},"product_cat":[87,89],"product_tag":[],"class_list":["post-7785","product","type-product","status-publish","has-post-thumbnail","hentry","product_cat-caes","product_cat-racao-seca-cao","product_brand-arion-caes","product_brand-caes"],"_links":{"self":[{"href":"https:\/\/lmpetshop.pt\/index.php\/wp-json\/wp\/v2\/product\/7785"}],"collection":[{"href":"https:\/\/lmpetshop.pt\/index.php\/wp-json\/wp\/v2\/product"}],"about":[{"href":"https:\/\/lmpetshop.pt\/index.php\/wp-json\/wp\/v2\/types\/product"}],"replies":[{"embeddable":true,"href":"https:\/\/lmpetshop.pt\/index.php\/wp-json\/wp\/v2\/comments?post=7785"}],"wp:featuredmedia":[{"embeddable":true,"href":"https:\/\/lmpetshop.pt\/index.php\/wp-json\/wp\/v2\/media\/7786"}],"wp:attachment":[{"href":"https:\/\/lmpetshop.pt\/index.php\/wp-json\/wp\/v2\/media?parent=7785"}],"wp:term":[{"taxonomy":"product_cat","embeddable":true,"href":"https:\/\/lmpetshop.pt\/index.php\/wp-json\/wp\/v2\/product_cat?post=7785"},{"taxonomy":"product_tag","embeddable":true,"href":"https:\/\/lmpetshop.pt\/index.php\/wp-json\/wp\/v2\/product_tag?post=7785"}],"curies":[{"name":"wp","href":"https:\/\/api.w.org\/{rel}","templated":true}]}}