{"id":7783,"date":"2023-03-30T15:49:35","date_gmt":"2023-03-30T15:49:35","guid":{"rendered":"https:\/\/lmpetshop.pt\/?post_type=product&#038;p=7783"},"modified":"2024-10-16T13:31:02","modified_gmt":"2024-10-16T13:31:02","slug":"16-arion-friends-winner","status":"publish","type":"product","link":"https:\/\/lmpetshop.pt\/index.php\/product\/16-arion-friends-winner\/","title":{"rendered":"ARION FRIENDS WINNER 16kg"},"content":{"rendered":"<p>O seu elevado teor de carne desidratada, frango e hemoglobina promove uma r\u00e1pida recupera\u00e7\u00e3o muscular ap\u00f3s o exerc\u00edcio. A adi\u00e7\u00e3o de condroprotectores e L-carnitina promove a recupera\u00e7\u00e3o muscular e previne a deteriora\u00e7\u00e3o das articula\u00e7\u00f5es em c\u00e3es que trabalham arduamente.<\/p>\n<p>INGREDIENTES:<br \/>\nCarne seca de bovino e su\u00edno, cevada integral, trigo integral, carne seca de frango, gordura de aves, hemoglobina, arroz, polpa de beterraba, prote\u00edna hidrolisada de aves, lecitina, F.O.S., glucosamina, sulfato de condroitina, L-carnitina.<\/p>\n","protected":false},"excerpt":{"rendered":"<p>O seu elevado teor de carne desidratada, frango e hemoglobina promove uma r\u00e1pida recupera\u00e7\u00e3o muscular ap\u00f3s o exerc\u00edcio. A adi\u00e7\u00e3o de condroprotectores e L-carnitina promove a recupera\u00e7\u00e3o muscular e previne a deteriora\u00e7\u00e3o das articula\u00e7\u00f5es em c\u00e3es que trabalham arduamente. INGREDIENTES: Carne seca de bovino e su\u00edno, cevada integral, trigo integral, carne seca de frango, gordura [&hellip;]<\/p>\n","protected":false},"featured_media":7784,"comment_status":"open","ping_status":"closed","template":"","meta":{"om_disable_all_campaigns":false,"inline_featured_image":false,"_monsterinsights_skip_tracking":false,"_monsterinsights_sitenote_active":false,"_monsterinsights_sitenote_note":"","_monsterinsights_sitenote_category":0},"product_cat":[87,89],"product_tag":[],"class_list":["post-7783","product","type-product","status-publish","has-post-thumbnail","hentry","product_cat-caes","product_cat-racao-seca-cao","product_brand-arion-caes","product_brand-caes"],"_links":{"self":[{"href":"https:\/\/lmpetshop.pt\/index.php\/wp-json\/wp\/v2\/product\/7783"}],"collection":[{"href":"https:\/\/lmpetshop.pt\/index.php\/wp-json\/wp\/v2\/product"}],"about":[{"href":"https:\/\/lmpetshop.pt\/index.php\/wp-json\/wp\/v2\/types\/product"}],"replies":[{"embeddable":true,"href":"https:\/\/lmpetshop.pt\/index.php\/wp-json\/wp\/v2\/comments?post=7783"}],"wp:featuredmedia":[{"embeddable":true,"href":"https:\/\/lmpetshop.pt\/index.php\/wp-json\/wp\/v2\/media\/7784"}],"wp:attachment":[{"href":"https:\/\/lmpetshop.pt\/index.php\/wp-json\/wp\/v2\/media?parent=7783"}],"wp:term":[{"taxonomy":"product_cat","embeddable":true,"href":"https:\/\/lmpetshop.pt\/index.php\/wp-json\/wp\/v2\/product_cat?post=7783"},{"taxonomy":"product_tag","embeddable":true,"href":"https:\/\/lmpetshop.pt\/index.php\/wp-json\/wp\/v2\/product_tag?post=7783"}],"curies":[{"name":"wp","href":"https:\/\/api.w.org\/{rel}","templated":true}]}}