{"id":7781,"date":"2023-03-30T15:48:33","date_gmt":"2023-03-30T15:48:33","guid":{"rendered":"https:\/\/lmpetshop.pt\/?post_type=product&#038;p=7781"},"modified":"2024-10-22T16:04:00","modified_gmt":"2024-10-22T16:04:00","slug":"14-arion-friends-junior","status":"publish","type":"product","link":"https:\/\/lmpetshop.pt\/index.php\/product\/14-arion-friends-junior\/","title":{"rendered":"ARION FRIENDS JUNIOR 14kg"},"content":{"rendered":"<p><strong>Arion Friends Junior 30\/14<\/strong>\u00a0\u00e9 um alimento formulado para proporcionar um desenvolvimento harmonioso dos cachorros de todas as ra\u00e7az, entre os 2 e os 12 ou 18 meses, dependendo da ra\u00e7a.<\/p>\n<p>As ra\u00e7as grandes e gigantes terminam o seu desenvolvimento mais tarde, pelo que devem continuar o consumo de\u00a0<strong>Arion Junior<\/strong>\u00a0at\u00e9 concluirem o seu desenvolvimento.<\/p>\n<p><strong>Ingredientes:<\/strong><\/p>\n<p>Cereais (arroz min 5%) e derivados de cereais, carne e derivados da carne (frango min 17%, hemoglobina min 5%), \u00f3leos e gorduras (gordura animal), derivados vegetais (polpa de beterraba), peixe, lecitina de soja, yucca.<\/p>\n","protected":false},"excerpt":{"rendered":"<p>Arion Friends Junior 30\/14\u00a0\u00e9 um alimento formulado para proporcionar um desenvolvimento harmonioso dos cachorros de todas as ra\u00e7az, entre os 2 e os 12 ou 18 meses, dependendo da ra\u00e7a. As ra\u00e7as grandes e gigantes terminam o seu desenvolvimento mais tarde, pelo que devem continuar o consumo de\u00a0Arion Junior\u00a0at\u00e9 concluirem o seu desenvolvimento. Ingredientes: Cereais [&hellip;]<\/p>\n","protected":false},"featured_media":7782,"comment_status":"open","ping_status":"closed","template":"","meta":{"om_disable_all_campaigns":false,"inline_featured_image":false,"_monsterinsights_skip_tracking":false,"_monsterinsights_sitenote_active":false,"_monsterinsights_sitenote_note":"","_monsterinsights_sitenote_category":0},"product_cat":[87,89],"product_tag":[],"class_list":["post-7781","product","type-product","status-publish","has-post-thumbnail","hentry","product_cat-caes","product_cat-racao-seca-cao","product_brand-arion-caes","product_brand-caes"],"_links":{"self":[{"href":"https:\/\/lmpetshop.pt\/index.php\/wp-json\/wp\/v2\/product\/7781"}],"collection":[{"href":"https:\/\/lmpetshop.pt\/index.php\/wp-json\/wp\/v2\/product"}],"about":[{"href":"https:\/\/lmpetshop.pt\/index.php\/wp-json\/wp\/v2\/types\/product"}],"replies":[{"embeddable":true,"href":"https:\/\/lmpetshop.pt\/index.php\/wp-json\/wp\/v2\/comments?post=7781"}],"wp:featuredmedia":[{"embeddable":true,"href":"https:\/\/lmpetshop.pt\/index.php\/wp-json\/wp\/v2\/media\/7782"}],"wp:attachment":[{"href":"https:\/\/lmpetshop.pt\/index.php\/wp-json\/wp\/v2\/media?parent=7781"}],"wp:term":[{"taxonomy":"product_cat","embeddable":true,"href":"https:\/\/lmpetshop.pt\/index.php\/wp-json\/wp\/v2\/product_cat?post=7781"},{"taxonomy":"product_tag","embeddable":true,"href":"https:\/\/lmpetshop.pt\/index.php\/wp-json\/wp\/v2\/product_tag?post=7781"}],"curies":[{"name":"wp","href":"https:\/\/api.w.org\/{rel}","templated":true}]}}