{"id":7756,"date":"2023-03-30T15:28:04","date_gmt":"2023-03-30T15:28:04","guid":{"rendered":"https:\/\/lmpetshop.pt\/?post_type=product&#038;p=7756"},"modified":"2023-07-13T10:55:56","modified_gmt":"2023-07-13T10:55:56","slug":"natural-bloco-salgado","status":"publish","type":"product","link":"https:\/\/lmpetshop.pt\/index.php\/product\/natural-bloco-salgado\/","title":{"rendered":"NATURAL BLOCO SALGADO"},"content":{"rendered":"<p>Traz o campo para o pombal<\/p>\n<p>A Pedra de Debicar Natural \u00e9 composta por uma dezena de ingredientes naturais. Cont\u00e9m argila, algas marinhas, magn\u00e9sio, silex, pedra vermelha, casca de ostra, carv\u00e3o de madeira, etc&#8230;<br \/>\nOferece um suplemento importante de minerais e oligoelementos naturais. N\u00e3o cont\u00e9m nenhum estimulante do apetite, mas traz o campo para o pombal ao eliminar os perigos de envenenamento por pulveriza\u00e7\u00f5es qu\u00edmicas.<br \/>\nO consumo da Pedra de Debicar Natural vai de encontro \u00e0s necessidades naturais do pombo: em per\u00edodo de reprodu\u00e7\u00e3o, no regresso dos concursos ou durante a muda.<br \/>\nAo longo dos anos a Pedra de Debicar Natural tornou-se uma refer\u00eancia para a alimenta\u00e7\u00e3o dos pombos-correio, sendo vendido em mais de 45 pa\u00edses. Mais de 250 mil columb\u00f3filos colocam \u00e0 disposi\u00e7\u00e3o dos seus pombos a Pedra de Debicar Natural.<br \/>\n\u00c9 de longe a pedra de debicar para pombos-correio mais popular do mundo.<br \/>\nA Pedra de Debicar Natural \u00e9 feita na hora todas as semanas e \u00e9 um elemento essencial na alimenta\u00e7\u00e3o do pombo-correio moderno.<\/p>\n<p>Dosagem e aplica\u00e7\u00e3o<br \/>\nColocar livremente \u00e0 disposi\u00e7\u00e3o dos pombos durante todo o ano.<\/p>\n","protected":false},"excerpt":{"rendered":"<p>Traz o campo para o pombal A Pedra de Debicar Natural \u00e9 composta por uma dezena de ingredientes naturais. Cont\u00e9m argila, algas marinhas, magn\u00e9sio, silex, pedra vermelha, casca de ostra, carv\u00e3o de madeira, etc&#8230; Oferece um suplemento importante de minerais e oligoelementos naturais. N\u00e3o cont\u00e9m nenhum estimulante do apetite, mas traz o campo para o [&hellip;]<\/p>\n","protected":false},"featured_media":7757,"comment_status":"open","ping_status":"closed","template":"","meta":{"om_disable_all_campaigns":false,"inline_featured_image":false,"_monsterinsights_skip_tracking":false,"_monsterinsights_sitenote_active":false,"_monsterinsights_sitenote_note":"","_monsterinsights_sitenote_category":0},"product_cat":[132,141,137],"product_tag":[],"class_list":["post-7756","product","type-product","status-publish","has-post-thumbnail","hentry","product_cat-passaros","product_cat-produtos-para-varias-especies-de-aves","product_cat-suplementos-e-alimentos-especiais"],"_links":{"self":[{"href":"https:\/\/lmpetshop.pt\/index.php\/wp-json\/wp\/v2\/product\/7756"}],"collection":[{"href":"https:\/\/lmpetshop.pt\/index.php\/wp-json\/wp\/v2\/product"}],"about":[{"href":"https:\/\/lmpetshop.pt\/index.php\/wp-json\/wp\/v2\/types\/product"}],"replies":[{"embeddable":true,"href":"https:\/\/lmpetshop.pt\/index.php\/wp-json\/wp\/v2\/comments?post=7756"}],"wp:featuredmedia":[{"embeddable":true,"href":"https:\/\/lmpetshop.pt\/index.php\/wp-json\/wp\/v2\/media\/7757"}],"wp:attachment":[{"href":"https:\/\/lmpetshop.pt\/index.php\/wp-json\/wp\/v2\/media?parent=7756"}],"wp:term":[{"taxonomy":"product_cat","embeddable":true,"href":"https:\/\/lmpetshop.pt\/index.php\/wp-json\/wp\/v2\/product_cat?post=7756"},{"taxonomy":"product_tag","embeddable":true,"href":"https:\/\/lmpetshop.pt\/index.php\/wp-json\/wp\/v2\/product_tag?post=7756"}],"curies":[{"name":"wp","href":"https:\/\/api.w.org\/{rel}","templated":true}]}}