{"id":7594,"date":"2023-03-16T15:27:43","date_gmt":"2023-03-16T15:27:43","guid":{"rendered":"https:\/\/lmpetshop.pt\/?post_type=product&#038;p=7594"},"modified":"2023-05-04T13:43:26","modified_gmt":"2023-05-04T13:43:26","slug":"tartavit-25ml-vit-a","status":"publish","type":"product","link":"https:\/\/lmpetshop.pt\/index.php\/product\/tartavit-25ml-vit-a\/","title":{"rendered":"TARTAVIT 25ML VIT A"},"content":{"rendered":"<h4><strong>Descri\u00e7\u00e3o:<\/strong><\/h4>\n<p>Alimento complementar l\u00edquido para tartarugas aqu\u00e1ticas e pequenos r\u00e9pteis. TARTAVIT \u00e9 indicado para acelerar o processo de calcifica\u00e7\u00e3o das partes r\u00edgidas (carapa\u00e7a) das tartarugas, reactivar as fun\u00e7\u00f5es vitais dos r\u00e9pteis depois de letargia e manter o desenvolvimento dos animais jovens.<\/p>\n<p><strong>Composi\u00e7\u00e3o:<\/strong>\u00a0\u00e1gua, glicerina, propilenoglicol, sorbitol, xarope de glicose.<\/p>\n<p><strong>Aditivos nutritivos:<\/strong>\u00a03a672b Vitamina A (palmitato de retinilo) 5.000.000 I.U., 3a671 Vitamina D3 200.000 I.U., 3a700 Vitamina E (todo o acetato de rac-alfa-tocoferolo) 4.750 mg. Aditivos Tecnol\u00f3gicos. Antioxidantes: E321 Butil-Hidroxitolueno (BHT) 50 mg.<\/p>\n<h4><strong>Para que serve:<\/strong><\/h4>\n<p>\u2022 Ajuda a fortalecer a carapa\u00e7a.<br \/>\n\u2022 Ideal durante e ap\u00f3s o per\u00edodo de inverno.<br \/>\n\u2022 Estimula o crescimento.<br \/>\n\u2022 Aumenta a vitalidade.<\/p>\n<h4><strong>Como usar:<\/strong><\/h4>\n<p>Misture bem com alimentos para tartarugas (ex. TARTAFOOD de PRODAC INTERNATIONAL na propor\u00e7\u00e3o de 1% da comida.<\/p>\n","protected":false},"excerpt":{"rendered":"<p>Descri\u00e7\u00e3o: Alimento complementar l\u00edquido para tartarugas aqu\u00e1ticas e pequenos r\u00e9pteis. TARTAVIT \u00e9 indicado para acelerar o processo de calcifica\u00e7\u00e3o das partes r\u00edgidas (carapa\u00e7a) das tartarugas, reactivar as fun\u00e7\u00f5es vitais dos r\u00e9pteis depois de letargia e manter o desenvolvimento dos animais jovens. Composi\u00e7\u00e3o:\u00a0\u00e1gua, glicerina, propilenoglicol, sorbitol, xarope de glicose. Aditivos nutritivos:\u00a03a672b Vitamina A (palmitato de retinilo) [&hellip;]<\/p>\n","protected":false},"featured_media":7595,"comment_status":"open","ping_status":"closed","template":"","meta":{"om_disable_all_campaigns":false,"inline_featured_image":false,"_monsterinsights_skip_tracking":false,"_monsterinsights_sitenote_active":false,"_monsterinsights_sitenote_note":"","_monsterinsights_sitenote_category":0},"product_cat":[123,131],"product_tag":[],"class_list":["post-7594","product","type-product","status-publish","has-post-thumbnail","hentry","product_cat-peixes","product_cat-tartarugas"],"_links":{"self":[{"href":"https:\/\/lmpetshop.pt\/index.php\/wp-json\/wp\/v2\/product\/7594"}],"collection":[{"href":"https:\/\/lmpetshop.pt\/index.php\/wp-json\/wp\/v2\/product"}],"about":[{"href":"https:\/\/lmpetshop.pt\/index.php\/wp-json\/wp\/v2\/types\/product"}],"replies":[{"embeddable":true,"href":"https:\/\/lmpetshop.pt\/index.php\/wp-json\/wp\/v2\/comments?post=7594"}],"wp:featuredmedia":[{"embeddable":true,"href":"https:\/\/lmpetshop.pt\/index.php\/wp-json\/wp\/v2\/media\/7595"}],"wp:attachment":[{"href":"https:\/\/lmpetshop.pt\/index.php\/wp-json\/wp\/v2\/media?parent=7594"}],"wp:term":[{"taxonomy":"product_cat","embeddable":true,"href":"https:\/\/lmpetshop.pt\/index.php\/wp-json\/wp\/v2\/product_cat?post=7594"},{"taxonomy":"product_tag","embeddable":true,"href":"https:\/\/lmpetshop.pt\/index.php\/wp-json\/wp\/v2\/product_tag?post=7594"}],"curies":[{"name":"wp","href":"https:\/\/api.w.org\/{rel}","templated":true}]}}