{"id":7587,"date":"2023-03-16T15:23:55","date_gmt":"2023-03-16T15:23:55","guid":{"rendered":"https:\/\/lmpetshop.pt\/?post_type=product&#038;p=7587"},"modified":"2023-07-13T11:15:53","modified_gmt":"2023-07-13T11:15:53","slug":"tartafood-gammarus-100ml-100gr","status":"publish","type":"product","link":"https:\/\/lmpetshop.pt\/index.php\/product\/tartafood-gammarus-100ml-100gr\/","title":{"rendered":"TARTAFOOD &#8211; GAMMARUS 100ML 100GR"},"content":{"rendered":"<h4><strong>Descri\u00e7\u00e3o:<\/strong><\/h4>\n<p>Mat\u00e9ria-prima para alimenta\u00e7\u00e3o animal especialmente concebido para proporcionar uma alimenta\u00e7\u00e3o equilibrada as tartarugas de \u00e1gua doce.<\/p>\n<p><strong>Composi\u00e7\u00e3o:<\/strong>\u00a0100% invertebrados aqu\u00e1ticos (gammarus).<\/p>\n<p><strong>Constituintes anal\u00edticos:<\/strong>\u00a0prote\u00edna bruta 47,37%, cinza bruta 20,86%, mat\u00e9ria gorda bruta 9,40%, fibra bruta 5,75%, c\u00e1lcio 4,5%, humidade 7,67%.<\/p>\n<h4><strong>Natural:<\/strong><\/h4>\n<p><strong>ALIMENTOS NATURAIS<\/strong><\/p>\n<p>Os chamados alimentos naturais consistem em organismos completos 100% NATURAIS. Completar a dieta habitual com alimentos naturais \u00e9 muito importante: n\u00e3o apenas os animais s\u00e3o estimulados, atrav\u00e9s da vis\u00e3o e do olfato, o seu comportamento natural de ca\u00e7a, mas tamb\u00e9m foi demonstrado que alimentos integrais promovem o desenvolvimento e as fun\u00e7\u00f5es dos \u00f3rg\u00e3os internos, especialmente em animais jovens e em crescimento.<\/p>\n<h4><strong>C\u00e1lcio:<\/strong><\/h4>\n<p><strong>O C\u00c1LCIO NA DIETA DOS QUEL\u00d3NIOS<\/strong><\/p>\n<p>As\u00a0<strong>tartarugas<\/strong>\u00a0(aqu\u00e1ticas) e os\u00a0<strong>c\u00e1gados<\/strong>\u00a0(terrestres) caracterizam-se por um especial desenvolvimento dos ossos da coluna vertebral e d\u00e9rmicos, que levou \u00e0 forma\u00e7\u00e3o da\u00a0<strong>carapa\u00e7a<\/strong>\u00a0om fun\u00e7\u00e3o protetora. Em virtude do excecional desenvolvimento esquel\u00e9tico, tartarugas e c\u00e1gados necessitam de not\u00e1veis quantidades de\u00a0<strong>C\u00e1lcio<\/strong>\u00a0na dieta, que deve ser adequadamente compensado com o\u00a0<strong>F\u00f3sforo<\/strong>\u00a0numa rela\u00e7\u00e3o de 4-6:1 para a correta absor\u00e7\u00e3o intestinal. Isto \u00e9 absolutamente indispens\u00e1vel no caso das jovens tartaruguinhas em crescimento e das f\u00eameas que produzem os ovos.<\/p>\n<p>A biodisponibilidade do C\u00e1lcio na alimenta\u00e7\u00e3o \u00e9 um par\u00e2metro muito importante, uma vez que nem todas as formas de C\u00e1lcio s\u00e3o adequadas a tartarugas e c\u00e1gados. A partir do momento em que o C\u00e1lcio \u00e9 absorvido pelo intestino apenas em presen\u00e7a de n\u00edveis apropriados de vitamina D3, \u00e9 importante oferecer aos animais suficiente exposi\u00e7\u00e3o aos raios UVA e UVB, de forma que possam sintetizar a vitamina na sua epiderme.<\/p>\n","protected":false},"excerpt":{"rendered":"<p>Descri\u00e7\u00e3o: Mat\u00e9ria-prima para alimenta\u00e7\u00e3o animal especialmente concebido para proporcionar uma alimenta\u00e7\u00e3o equilibrada as tartarugas de \u00e1gua doce. Composi\u00e7\u00e3o:\u00a0100% invertebrados aqu\u00e1ticos (gammarus). Constituintes anal\u00edticos:\u00a0prote\u00edna bruta 47,37%, cinza bruta 20,86%, mat\u00e9ria gorda bruta 9,40%, fibra bruta 5,75%, c\u00e1lcio 4,5%, humidade 7,67%. Natural: ALIMENTOS NATURAIS Os chamados alimentos naturais consistem em organismos completos 100% NATURAIS. Completar a dieta [&hellip;]<\/p>\n","protected":false},"featured_media":7588,"comment_status":"open","ping_status":"closed","template":"","meta":{"om_disable_all_campaigns":false,"inline_featured_image":false,"_monsterinsights_skip_tracking":false,"_monsterinsights_sitenote_active":false,"_monsterinsights_sitenote_note":"","_monsterinsights_sitenote_category":0},"product_cat":[123,131],"product_tag":[],"class_list":["post-7587","product","type-product","status-publish","has-post-thumbnail","hentry","product_cat-peixes","product_cat-tartarugas","product_brand-peixes","product_brand-tartafood"],"_links":{"self":[{"href":"https:\/\/lmpetshop.pt\/index.php\/wp-json\/wp\/v2\/product\/7587"}],"collection":[{"href":"https:\/\/lmpetshop.pt\/index.php\/wp-json\/wp\/v2\/product"}],"about":[{"href":"https:\/\/lmpetshop.pt\/index.php\/wp-json\/wp\/v2\/types\/product"}],"replies":[{"embeddable":true,"href":"https:\/\/lmpetshop.pt\/index.php\/wp-json\/wp\/v2\/comments?post=7587"}],"wp:featuredmedia":[{"embeddable":true,"href":"https:\/\/lmpetshop.pt\/index.php\/wp-json\/wp\/v2\/media\/7588"}],"wp:attachment":[{"href":"https:\/\/lmpetshop.pt\/index.php\/wp-json\/wp\/v2\/media?parent=7587"}],"wp:term":[{"taxonomy":"product_cat","embeddable":true,"href":"https:\/\/lmpetshop.pt\/index.php\/wp-json\/wp\/v2\/product_cat?post=7587"},{"taxonomy":"product_tag","embeddable":true,"href":"https:\/\/lmpetshop.pt\/index.php\/wp-json\/wp\/v2\/product_tag?post=7587"}],"curies":[{"name":"wp","href":"https:\/\/api.w.org\/{rel}","templated":true}]}}