{"id":7582,"date":"2023-03-15T17:44:26","date_gmt":"2023-03-15T17:44:26","guid":{"rendered":"https:\/\/lmpetshop.pt\/?post_type=product&#038;p=7582"},"modified":"2025-05-20T14:47:05","modified_gmt":"2025-05-20T14:47:05","slug":"calcio-tartarugas","status":"publish","type":"product","link":"https:\/\/lmpetshop.pt\/index.php\/product\/calcio-tartarugas\/","title":{"rendered":"CALCIO TARTARUGAS"},"content":{"rendered":"<p><strong>O C\u00c1LCIO NA DIETA DOS QUEL\u00d3NIOS<\/strong><\/p>\n<p>As\u00a0<strong>tartarugas<\/strong>\u00a0(aqu\u00e1ticas) e os\u00a0<strong>c\u00e1gados<\/strong>\u00a0(terrestres) caracterizam-se por um especial desenvolvimento dos ossos da coluna vertebral e d\u00e9rmicos, que levou \u00e0 forma\u00e7\u00e3o da\u00a0<strong>carapa\u00e7a<\/strong>\u00a0om fun\u00e7\u00e3o protetora. Em virtude do excecional desenvolvimento esquel\u00e9tico, tartarugas e c\u00e1gados necessitam de not\u00e1veis quantidades de\u00a0<strong>C\u00e1lcio<\/strong>\u00a0na dieta, que deve ser adequadamente compensado com o\u00a0<strong>F\u00f3sforo<\/strong>\u00a0numa rela\u00e7\u00e3o de 4-6:1 para a correta absor\u00e7\u00e3o intestinal. Isto \u00e9 absolutamente indispens\u00e1vel no caso das jovens tartaruguinhas em crescimento e das f\u00eameas que produzem os ovos.<\/p>\n<p>A biodisponibilidade do C\u00e1lcio na alimenta\u00e7\u00e3o \u00e9 um par\u00e2metro muito importante, uma vez que nem todas as formas de C\u00e1lcio s\u00e3o adequadas a tartarugas e c\u00e1gados. A partir do momento em que o C\u00e1lcio \u00e9 absorvido pelo intestino apenas em presen\u00e7a de n\u00edveis apropriados de vitamina D3, \u00e9 importante oferecer aos animais suficiente exposi\u00e7\u00e3o aos raios UVA e UVB, de forma que possam sintetizar a vitamina na sua epiderme.<\/p>\n","protected":false},"excerpt":{"rendered":"<p>O C\u00c1LCIO NA DIETA DOS QUEL\u00d3NIOS As\u00a0tartarugas\u00a0(aqu\u00e1ticas) e os\u00a0c\u00e1gados\u00a0(terrestres) caracterizam-se por um especial desenvolvimento dos ossos da coluna vertebral e d\u00e9rmicos, que levou \u00e0 forma\u00e7\u00e3o da\u00a0carapa\u00e7a\u00a0om fun\u00e7\u00e3o protetora. Em virtude do excecional desenvolvimento esquel\u00e9tico, tartarugas e c\u00e1gados necessitam de not\u00e1veis quantidades de\u00a0C\u00e1lcio\u00a0na dieta, que deve ser adequadamente compensado com o\u00a0F\u00f3sforo\u00a0numa rela\u00e7\u00e3o de 4-6:1 para a [&hellip;]<\/p>\n","protected":false},"featured_media":7583,"comment_status":"open","ping_status":"closed","template":"","meta":{"om_disable_all_campaigns":false,"inline_featured_image":false,"_monsterinsights_skip_tracking":false,"_monsterinsights_sitenote_active":false,"_monsterinsights_sitenote_note":"","_monsterinsights_sitenote_category":0},"product_cat":[123,131],"product_tag":[],"class_list":["post-7582","product","type-product","status-publish","has-post-thumbnail","hentry","product_cat-peixes","product_cat-tartarugas"],"_links":{"self":[{"href":"https:\/\/lmpetshop.pt\/index.php\/wp-json\/wp\/v2\/product\/7582"}],"collection":[{"href":"https:\/\/lmpetshop.pt\/index.php\/wp-json\/wp\/v2\/product"}],"about":[{"href":"https:\/\/lmpetshop.pt\/index.php\/wp-json\/wp\/v2\/types\/product"}],"replies":[{"embeddable":true,"href":"https:\/\/lmpetshop.pt\/index.php\/wp-json\/wp\/v2\/comments?post=7582"}],"wp:featuredmedia":[{"embeddable":true,"href":"https:\/\/lmpetshop.pt\/index.php\/wp-json\/wp\/v2\/media\/7583"}],"wp:attachment":[{"href":"https:\/\/lmpetshop.pt\/index.php\/wp-json\/wp\/v2\/media?parent=7582"}],"wp:term":[{"taxonomy":"product_cat","embeddable":true,"href":"https:\/\/lmpetshop.pt\/index.php\/wp-json\/wp\/v2\/product_cat?post=7582"},{"taxonomy":"product_tag","embeddable":true,"href":"https:\/\/lmpetshop.pt\/index.php\/wp-json\/wp\/v2\/product_tag?post=7582"}],"curies":[{"name":"wp","href":"https:\/\/api.w.org\/{rel}","templated":true}]}}