{"id":7565,"date":"2023-03-15T16:51:31","date_gmt":"2023-03-15T16:51:31","guid":{"rendered":"https:\/\/lmpetshop.pt\/?post_type=product&#038;p=7565"},"modified":"2026-03-30T11:28:19","modified_gmt":"2026-03-30T11:28:19","slug":"goldfish-flakes-100ml-12gr","status":"publish","type":"product","link":"https:\/\/lmpetshop.pt\/index.php\/product\/goldfish-flakes-100ml-12gr\/","title":{"rendered":"GOLDFISH FLAKES &#8211; 100ML 12GR"},"content":{"rendered":"<h4><strong>Descri\u00e7\u00e3o:<\/strong><\/h4>\n<p>Alimento composto em flocos para todas as esp\u00e9cies de peixes de \u00e1gua fria ornametais.<\/p>\n<p><strong>Composi\u00e7\u00e3o:<\/strong>\u00a0cereais.<\/p>\n<p><strong>Constituintes anal\u00edticos:<\/strong>\u00a0prote\u00ednas brutas 7,69%, fibra bruta 2,54%, gordura bruta 2,31%, cinza bruta 1,0%, humidade 8,83%.<\/p>\n<h4><strong>Cereais:<\/strong><\/h4>\n<p><strong>OS CEREAIS NA DIETA DOS PEIXES DE AQU\u00c1RIO<\/strong><\/p>\n<p><strong>Os cereais<\/strong>\u00a0constituem uma boa suplementa\u00e7\u00e3o alimentar para todos os peixes predominantemente vegetarianos, por exemplo, muitos da fam\u00edlia Cyprinidae (carpas, peixes dourados etc.).<\/p>\n<p><strong>O amido<\/strong>\u00a0que os cereais cont\u00eam \u00e9 digerido eficazmente por esses animais, gra\u00e7as ao intestino muito longo e \u00e0 s\u00edntese das amilases, enzimas destinadas justamente \u00e0 digest\u00e3o do amido. Sendo pobres em prote\u00ednas e, por isso, mais facilmente diger\u00edveis, os alimentos para peixes que contenham cereais podem ser utilizados para alimentar os peixes nas fases de transi\u00e7\u00e3o sazonal (por ex., no outono e na primavera) quando o metabolismo abranda.<\/p>\n<p>Com o retomar das normais atividades metab\u00f3licas, \u00e9 poss\u00edvel manter uma pequena percentagem de cereais na dieta, que facilitam a absor\u00e7\u00e3o de outros nutrientes como as prote\u00ednas.<\/p>\n","protected":false},"excerpt":{"rendered":"<p>Descri\u00e7\u00e3o: Alimento composto em flocos para todas as esp\u00e9cies de peixes de \u00e1gua fria ornametais. Composi\u00e7\u00e3o:\u00a0cereais. Constituintes anal\u00edticos:\u00a0prote\u00ednas brutas 7,69%, fibra bruta 2,54%, gordura bruta 2,31%, cinza bruta 1,0%, humidade 8,83%. Cereais: OS CEREAIS NA DIETA DOS PEIXES DE AQU\u00c1RIO Os cereais\u00a0constituem uma boa suplementa\u00e7\u00e3o alimentar para todos os peixes predominantemente vegetarianos, por exemplo, muitos [&hellip;]<\/p>\n","protected":false},"featured_media":7547,"comment_status":"open","ping_status":"closed","template":"","meta":{"om_disable_all_campaigns":false,"inline_featured_image":false,"_monsterinsights_skip_tracking":false,"_monsterinsights_sitenote_active":false,"_monsterinsights_sitenote_note":"","_monsterinsights_sitenote_category":0},"product_cat":[124,125,123],"product_tag":[],"class_list":["post-7565","product","type-product","status-publish","has-post-thumbnail","hentry","product_cat-comida-para-peixes","product_cat-flocos","product_cat-peixes"],"_links":{"self":[{"href":"https:\/\/lmpetshop.pt\/index.php\/wp-json\/wp\/v2\/product\/7565"}],"collection":[{"href":"https:\/\/lmpetshop.pt\/index.php\/wp-json\/wp\/v2\/product"}],"about":[{"href":"https:\/\/lmpetshop.pt\/index.php\/wp-json\/wp\/v2\/types\/product"}],"replies":[{"embeddable":true,"href":"https:\/\/lmpetshop.pt\/index.php\/wp-json\/wp\/v2\/comments?post=7565"}],"wp:featuredmedia":[{"embeddable":true,"href":"https:\/\/lmpetshop.pt\/index.php\/wp-json\/wp\/v2\/media\/7547"}],"wp:attachment":[{"href":"https:\/\/lmpetshop.pt\/index.php\/wp-json\/wp\/v2\/media?parent=7565"}],"wp:term":[{"taxonomy":"product_cat","embeddable":true,"href":"https:\/\/lmpetshop.pt\/index.php\/wp-json\/wp\/v2\/product_cat?post=7565"},{"taxonomy":"product_tag","embeddable":true,"href":"https:\/\/lmpetshop.pt\/index.php\/wp-json\/wp\/v2\/product_tag?post=7565"}],"curies":[{"name":"wp","href":"https:\/\/api.w.org\/{rel}","templated":true}]}}