{"id":7542,"date":"2023-03-15T16:05:06","date_gmt":"2023-03-15T16:05:06","guid":{"rendered":"https:\/\/lmpetshop.pt\/?post_type=product&#038;p=7542"},"modified":"2026-04-23T10:09:32","modified_gmt":"2026-04-23T10:09:32","slug":"pond-mix-flocos-granulado","status":"publish","type":"product","link":"https:\/\/lmpetshop.pt\/index.php\/product\/pond-mix-flocos-granulado\/","title":{"rendered":"POND MIX- FLOCOS\/GRANULADO"},"content":{"rendered":"<h4><strong>Descri\u00e7\u00e3o:<\/strong><\/h4>\n<p>Alimento completo misto por flocos e gr\u00e3os para peixes de lago ornamentais pequenos e m\u00e9dios.<\/p>\n<p><strong>Composi\u00e7\u00e3o:<\/strong>\u00a0cereais, peixe e derivados, alga.<\/p>\n<p><strong>Aditivos nutritivos:<\/strong>\u00a0Vitamina A (3a672a) 14.700 U.I.\/kg, Vitamina E (3a700) 27 mg\/kg, Vitamin C (3a312) 27 mg\/kg.<\/p>\n<p><strong>Constituintes anal\u00edticos:<\/strong>\u00a0prote\u00ednas brutas 10,88%, gordura bruta 2,37%, fibra bruta 2,05%, cinza bruta 1,98%, humidade 8,74%, Omega 6 44,00%, Omega 3 2,03%.<\/p>\n<h4><strong>Sabia Que:<\/strong><\/h4>\n<p>\u2022\u00a0<strong>Vitamina A.<\/strong>\u00a0Tamb\u00e9m chamada\u00a0<strong>Retinolo<\/strong>, \u00e9 uma vitamina lipossol\u00favel, ou seja, pode ser acumulada nos tecidos gordos e no f\u00edgado dos animais e libertada no organismo sempre que necess\u00e1rio. A Vitamina A promove nos peixes a correta renova\u00e7\u00e3o dos tecidos epiteliais e o correto funcionamento dos processos visuais, al\u00e9m de regular o desenvolvimento corporal e desempenhar uma atividade antioxidante. Os sinais de\u00a0<strong>car\u00eancia<\/strong>\u00a0s\u00e3o exoftalmia (olhos inchados e salientes), despigmenta\u00e7\u00e3o, opacidade da c\u00f3rnea, anorexia e edema, crescimento reduzido.<\/p>\n<p>\u2022\u00a0<strong>Vitamina C.<\/strong>\u00a0<strong>O \u00c1cido L-Asc\u00f3rbico<\/strong>\u00a0\u00e9 uma vitamina hidrossol\u00favel,\u00a0<strong>essencial<\/strong>\u00a0aos peixes (n\u00e3o pode ser sintetizada pelo organismo) e que n\u00e3o \u00e9 acumulada nos tecidos corporais: por essa raz\u00e3o, os peixes necessitam de aportes constantes de Vitamina C atrav\u00e9s de alimentos para peixe Prodac. C. Trata-se de uma das Vitaminas mais importantes: nos peixes, tem uma fun\u00e7\u00e3o antioxidante e imunoestimulante, mas promove tamb\u00e9m o correto desenvolvimento da musculatura, a cicatriza\u00e7\u00e3o das feridas e crescimento \u00f3sseo.<\/p>\n<p><strong>\u2022\u00a0Vitamina D3.<\/strong>\u00a0O Colecalciferol , nome correto da Vitamina D3, \u00e9 uma pr\u00f3-hormona lipossol\u00favel que atua nos animais como modulador da absor\u00e7\u00e3o do C\u00e1lcio e do Fosfato a n\u00edvel intestinal, e regula as suas fun\u00e7\u00f5es no organismo. Al\u00e9m disso, regula a s\u00edntese das hormonas paratiroides. Trata-se de uma vitamina\u00a0<strong>essencial<\/strong>, ingerida pelos peixes com o alimento para peixe Prodac e acumulada no f\u00edgado e nos tecidos gordos.A\u00a0<strong>carenza di Vitamina D3<\/strong>\u00a0determina raquitismo, desenvolvimento muscular reduzido e deforma\u00e7\u00f5es \u00f3sseas.<\/p>\n<p>\u2022\u00a0<b>Vitamina E.<\/b><strong>\u00a0O alfa-tocoferol<\/strong>\u00a0\u00e9 uma vitamina lipossol\u00favel\u00a0<strong>essencial<\/strong>\u00a0que \u00e9 acumulada pelos peixes sobretudo no f\u00edgado e \u00e9 exclusivamente absorvida atrav\u00e9s da alimenta\u00e7\u00e3o. Trata-se de um dos mais potentes antioxidantes que nos peixes regula tamb\u00e9m a funcionalidade e a estabilidade das membranas celulares e a produ\u00e7\u00e3o das hormonas sexuais respons\u00e1veis pela reprodu\u00e7\u00e3o. Est\u00e1 igualmente envolvida na resposta imunit\u00e1ria como important\u00edssimo regulador.\u00a0<strong>A Vitamina E e a Vitamina A est\u00e3o particularmente associadas<\/strong>, ipois a primeira previne a oxida\u00e7\u00e3o da segunda. Os sinais de\u00a0<strong>car\u00eancia<\/strong>\u00a0de Vitamina E s\u00e3o anemia, degenera\u00e7\u00e3o hep\u00e1tica, ascite, danos ao m\u00fasculo card\u00edaco e aos gl\u00f3bulos vermelhos, abrandamento do crescimento, reduzida atividade reprodutiva.<\/p>\n<h4><strong>Omega 3-6:<\/strong><\/h4>\n<p><strong>OS \u00c1CIDOS GORDOS NA DIETA DOS PEIXES DE AQU\u00c1RIO<\/strong><br \/>\n<strong>\u00c1cidos gordos \u00d3mega 3.<\/strong>\u00a0Tamb\u00e9m chamados\u00a0<strong>PUFA \u2013 3<\/strong>, s\u00e3o \u00e1cidos gordos polinsaturados\u00a0<strong>essenciais<\/strong>\u00a0aos peixes e obtidos atrav\u00e9s da alimenta\u00e7\u00e3o com os alimentos para peixe PRODAC. Para os peixes de \u00e1gua doce, reveste-se de especial import\u00e2ncia o\u00a0<strong>\u00e1cido linol\u00e9nico<\/strong>, enquanto para os de \u00e1gua salgada, os \u00e1cidos\u00a0<strong>eicosapentaen\u00f3ico<\/strong>\u00a0e\u00a0<strong>docosaexaenoico<\/strong>. Os peixes carn\u00edvoros t\u00eam exig\u00eancias maiores do que os herb\u00edvoros por causa das diferen\u00e7as metab\u00f3licas. Os \u00e1cidos gordos \u00f3mega 3 s\u00e3o important\u00edssimos para a estabilidade das membranas celulares, tornando-as mais fluidas mesmo a baixas temperaturas corporais (os peixes s\u00e3o animais de \u201csangue frio\u201d). Desempenham tamb\u00e9m uma a\u00e7\u00e3o anti-inflamat\u00f3ria e, em menor grau, s\u00e3o utilizados para produzir energia metab\u00f3lica. Promovem igualmente o correto desenvolvimento dos ovos, dos embri\u00f5es e dos alevins. S\u00e3o sinais de car\u00eancia: colora\u00e7\u00e3o anormal, eros\u00e3o das barbatanas, danos no f\u00edgado, desenvolvimento corporal anormal.<br \/>\n<strong>\u00c1cidos gordos \u00d3mega 6.<\/strong>S\u00e3o \u00e1cidos gordos polinsaturados de origem vegetal,<strong>\u00a0essenciais<\/strong>\u00a0aos peixes (podem ser ingeridos apenas atrav\u00e9s da alimenta\u00e7\u00e3o). Os mais importantes para o organismo dos peixes s\u00e3o o<strong>\u00e1cido araquid\u00f3nico<\/strong>\u00a0e o<strong>\u00e1cido linoleico<\/strong>. Os \u00e1cidos gordos \u00f3mega 6 est\u00e3o envolvidos em numerosas vias metab\u00f3licas: ativa\u00e7\u00e3o da resposta inflamat\u00f3ria, manuten\u00e7\u00e3o das camadas lip\u00eddicas corporais, sinais celulares e ativa\u00e7\u00e3o de enzimas. Promovem a resposta imunit\u00e1ria correta em caso de infe\u00e7\u00e3o. S\u00e3o sinais de car\u00eancia: desenvolvimento corporal anormal, vulnerabilidade \u00e0s infe\u00e7\u00f5es, altera\u00e7\u00f5es epid\u00e9rmicas..<\/p>\n","protected":false},"excerpt":{"rendered":"<p>Descri\u00e7\u00e3o: Alimento completo misto por flocos e gr\u00e3os para peixes de lago ornamentais pequenos e m\u00e9dios. Composi\u00e7\u00e3o:\u00a0cereais, peixe e derivados, alga. Aditivos nutritivos:\u00a0Vitamina A (3a672a) 14.700 U.I.\/kg, Vitamina E (3a700) 27 mg\/kg, Vitamin C (3a312) 27 mg\/kg. Constituintes anal\u00edticos:\u00a0prote\u00ednas brutas 10,88%, gordura bruta 2,37%, fibra bruta 2,05%, cinza bruta 1,98%, humidade 8,74%, Omega 6 44,00%, [&hellip;]<\/p>\n","protected":false},"featured_media":7538,"comment_status":"open","ping_status":"closed","template":"","meta":{"om_disable_all_campaigns":false,"inline_featured_image":false,"_monsterinsights_skip_tracking":false,"_monsterinsights_sitenote_active":false,"_monsterinsights_sitenote_note":"","_monsterinsights_sitenote_category":0},"product_cat":[124,125,126,123],"product_tag":[],"class_list":["post-7542","product","type-product","status-publish","has-post-thumbnail","hentry","product_cat-comida-para-peixes","product_cat-flocos","product_cat-granulado","product_cat-peixes"],"_links":{"self":[{"href":"https:\/\/lmpetshop.pt\/index.php\/wp-json\/wp\/v2\/product\/7542"}],"collection":[{"href":"https:\/\/lmpetshop.pt\/index.php\/wp-json\/wp\/v2\/product"}],"about":[{"href":"https:\/\/lmpetshop.pt\/index.php\/wp-json\/wp\/v2\/types\/product"}],"replies":[{"embeddable":true,"href":"https:\/\/lmpetshop.pt\/index.php\/wp-json\/wp\/v2\/comments?post=7542"}],"wp:featuredmedia":[{"embeddable":true,"href":"https:\/\/lmpetshop.pt\/index.php\/wp-json\/wp\/v2\/media\/7538"}],"wp:attachment":[{"href":"https:\/\/lmpetshop.pt\/index.php\/wp-json\/wp\/v2\/media?parent=7542"}],"wp:term":[{"taxonomy":"product_cat","embeddable":true,"href":"https:\/\/lmpetshop.pt\/index.php\/wp-json\/wp\/v2\/product_cat?post=7542"},{"taxonomy":"product_tag","embeddable":true,"href":"https:\/\/lmpetshop.pt\/index.php\/wp-json\/wp\/v2\/product_tag?post=7542"}],"curies":[{"name":"wp","href":"https:\/\/api.w.org\/{rel}","templated":true}]}}