{"id":7533,"date":"2023-03-15T15:57:40","date_gmt":"2023-03-15T15:57:40","guid":{"rendered":"https:\/\/lmpetshop.pt\/?post_type=product&#038;p=7533"},"modified":"2026-04-23T10:09:56","modified_gmt":"2026-04-23T10:09:56","slug":"spray-anti-insectos-para-aves-750ml","status":"publish","type":"product","link":"https:\/\/lmpetshop.pt\/index.php\/product\/spray-anti-insectos-para-aves-750ml\/","title":{"rendered":"SPRAY ANTI INSECTOS PARA AVES 750ML"},"content":{"rendered":"<p>Inseticida hidroalco\u00f3lico de baixa toxicidade e r\u00e1pida evapora\u00e7\u00e3o para uso externo.<\/p>\n<p>Elimina e previne \u00e1caros, piolhos brancos, pretos e vermelhos no ambiente das aves.<\/p>\n<h4>VANTAGENS<\/h4>\n<ul>\n<li>Baixa toxicidade<\/li>\n<li>Evapora\u00e7\u00e3o r\u00e1pida<\/li>\n<li>N\u00e3o mancha<\/li>\n<li>Incolor<\/li>\n<li>Fragr\u00e2ncia perfumada<\/li>\n<\/ul>\n<h4>COMO USAR E APLICA\u00c7\u00c3O<\/h4>\n<p>Pulverize o produto a 50cm da gaiola, preferencialmente de cima para que o produto seja depositado em todos os cantos.<\/p>\n<p>N\u00e3o \u00e9 necess\u00e1rio retirar os comedouros e bebedouros se estiverem tapados. Aplicar tamb\u00e9m nas frestas das paredes (se estiverem muito pr\u00f3ximas da gaiola) e todos os recantos da mesma, bandeja, bem como no interior dos poleiros e na base dos ninhos.<\/p>\n","protected":false},"excerpt":{"rendered":"<p>Inseticida hidroalco\u00f3lico de baixa toxicidade e r\u00e1pida evapora\u00e7\u00e3o para uso externo. Elimina e previne \u00e1caros, piolhos brancos, pretos e vermelhos no ambiente das aves. VANTAGENS Baixa toxicidade Evapora\u00e7\u00e3o r\u00e1pida N\u00e3o mancha Incolor Fragr\u00e2ncia perfumada COMO USAR E APLICA\u00c7\u00c3O Pulverize o produto a 50cm da gaiola, preferencialmente de cima para que o produto seja depositado em [&hellip;]<\/p>\n","protected":false},"featured_media":7534,"comment_status":"open","ping_status":"closed","template":"","meta":{"om_disable_all_campaigns":false,"inline_featured_image":false,"_monsterinsights_skip_tracking":false,"_monsterinsights_sitenote_active":false,"_monsterinsights_sitenote_note":"","_monsterinsights_sitenote_category":0},"product_cat":[138,132],"product_tag":[],"class_list":["post-7533","product","type-product","status-publish","has-post-thumbnail","hentry","product_cat-cuidado-e-higiene-passaros","product_cat-passaros"],"_links":{"self":[{"href":"https:\/\/lmpetshop.pt\/index.php\/wp-json\/wp\/v2\/product\/7533"}],"collection":[{"href":"https:\/\/lmpetshop.pt\/index.php\/wp-json\/wp\/v2\/product"}],"about":[{"href":"https:\/\/lmpetshop.pt\/index.php\/wp-json\/wp\/v2\/types\/product"}],"replies":[{"embeddable":true,"href":"https:\/\/lmpetshop.pt\/index.php\/wp-json\/wp\/v2\/comments?post=7533"}],"wp:featuredmedia":[{"embeddable":true,"href":"https:\/\/lmpetshop.pt\/index.php\/wp-json\/wp\/v2\/media\/7534"}],"wp:attachment":[{"href":"https:\/\/lmpetshop.pt\/index.php\/wp-json\/wp\/v2\/media?parent=7533"}],"wp:term":[{"taxonomy":"product_cat","embeddable":true,"href":"https:\/\/lmpetshop.pt\/index.php\/wp-json\/wp\/v2\/product_cat?post=7533"},{"taxonomy":"product_tag","embeddable":true,"href":"https:\/\/lmpetshop.pt\/index.php\/wp-json\/wp\/v2\/product_tag?post=7533"}],"curies":[{"name":"wp","href":"https:\/\/api.w.org\/{rel}","templated":true}]}}