{"id":7501,"date":"2023-03-15T14:41:39","date_gmt":"2023-03-15T14:41:39","guid":{"rendered":"https:\/\/lmpetshop.pt\/?post_type=product&#038;p=7501"},"modified":"2023-05-04T09:59:32","modified_gmt":"2023-05-04T09:59:32","slug":"decoracao-estatua-de-buddha","status":"publish","type":"product","link":"https:\/\/lmpetshop.pt\/index.php\/product\/decoracao-estatua-de-buddha\/","title":{"rendered":"DECORA\u00c7\u00c3O EST\u00c1TUA DE (BUDDHA)"},"content":{"rendered":"","protected":false},"excerpt":{"rendered":"","protected":false},"featured_media":7502,"comment_status":"open","ping_status":"closed","template":"","meta":{"om_disable_all_campaigns":false,"inline_featured_image":false,"_monsterinsights_skip_tracking":false,"_monsterinsights_sitenote_active":false,"_monsterinsights_sitenote_note":"","_monsterinsights_sitenote_category":0},"product_cat":[152,123],"product_tag":[],"class_list":["post-7501","product","type-product","status-publish","has-post-thumbnail","hentry","product_cat-acessorios","product_cat-peixes"],"_links":{"self":[{"href":"https:\/\/lmpetshop.pt\/index.php\/wp-json\/wp\/v2\/product\/7501"}],"collection":[{"href":"https:\/\/lmpetshop.pt\/index.php\/wp-json\/wp\/v2\/product"}],"about":[{"href":"https:\/\/lmpetshop.pt\/index.php\/wp-json\/wp\/v2\/types\/product"}],"replies":[{"embeddable":true,"href":"https:\/\/lmpetshop.pt\/index.php\/wp-json\/wp\/v2\/comments?post=7501"}],"wp:featuredmedia":[{"embeddable":true,"href":"https:\/\/lmpetshop.pt\/index.php\/wp-json\/wp\/v2\/media\/7502"}],"wp:attachment":[{"href":"https:\/\/lmpetshop.pt\/index.php\/wp-json\/wp\/v2\/media?parent=7501"}],"wp:term":[{"taxonomy":"product_cat","embeddable":true,"href":"https:\/\/lmpetshop.pt\/index.php\/wp-json\/wp\/v2\/product_cat?post=7501"},{"taxonomy":"product_tag","embeddable":true,"href":"https:\/\/lmpetshop.pt\/index.php\/wp-json\/wp\/v2\/product_tag?post=7501"}],"curies":[{"name":"wp","href":"https:\/\/api.w.org\/{rel}","templated":true}]}}