{"id":7464,"date":"2023-03-15T14:07:37","date_gmt":"2023-03-15T14:07:37","guid":{"rendered":"https:\/\/lmpetshop.pt\/?post_type=product&#038;p=7464"},"modified":"2023-05-04T09:49:03","modified_gmt":"2023-05-04T09:49:03","slug":"champo-acondicionador-2-em-1","status":"publish","type":"product","link":"https:\/\/lmpetshop.pt\/index.php\/product\/champo-acondicionador-2-em-1\/","title":{"rendered":"CHAMPO ACONDICIONADOR 2 EM 1"},"content":{"rendered":"<p>Champ\u00f4 de alta qualidade que inclui creme condicionador para facilitar o desembara\u00e7o e a desamarra\u00e7\u00e3o ap\u00f3s o processo de lavagem das peles danificadas.<\/p>\n<p>Proporciona volume e brilho, reparando cada fio e proporcionando uma hidrata\u00e7\u00e3o muito intensa. Recomendado para uso frequente em ra\u00e7as com pelagem longa e encaracolada.<\/p>\n<p>VANTAGENS<br \/>\npH neutro<br \/>\nTensioactivos muito suaves<br \/>\nInclui colag\u00e9nio natural<br \/>\nCont\u00e9m glicerina vegetal<br \/>\nCrema acondicionadora contiene<br \/>\nCor: rosa<br \/>\nFragr\u00e2ncia: morango<\/p>\n","protected":false},"excerpt":{"rendered":"<p>Champ\u00f4 de alta qualidade que inclui creme condicionador para facilitar o desembara\u00e7o e a desamarra\u00e7\u00e3o ap\u00f3s o processo de lavagem das peles danificadas. Proporciona volume e brilho, reparando cada fio e proporcionando uma hidrata\u00e7\u00e3o muito intensa. Recomendado para uso frequente em ra\u00e7as com pelagem longa e encaracolada. VANTAGENS pH neutro Tensioactivos muito suaves Inclui colag\u00e9nio [&hellip;]<\/p>\n","protected":false},"featured_media":7465,"comment_status":"open","ping_status":"closed","template":"","meta":{"om_disable_all_campaigns":false,"inline_featured_image":false,"_monsterinsights_skip_tracking":false,"_monsterinsights_sitenote_active":false,"_monsterinsights_sitenote_note":"","_monsterinsights_sitenote_category":0},"product_cat":[87,92],"product_tag":[],"class_list":["post-7464","product","type-product","status-publish","has-post-thumbnail","hentry","product_cat-caes","product_cat-higiene-e-maquinas-de-tosquiar","product_brand-caes","product_brand-menforsan-caes"],"_links":{"self":[{"href":"https:\/\/lmpetshop.pt\/index.php\/wp-json\/wp\/v2\/product\/7464"}],"collection":[{"href":"https:\/\/lmpetshop.pt\/index.php\/wp-json\/wp\/v2\/product"}],"about":[{"href":"https:\/\/lmpetshop.pt\/index.php\/wp-json\/wp\/v2\/types\/product"}],"replies":[{"embeddable":true,"href":"https:\/\/lmpetshop.pt\/index.php\/wp-json\/wp\/v2\/comments?post=7464"}],"wp:featuredmedia":[{"embeddable":true,"href":"https:\/\/lmpetshop.pt\/index.php\/wp-json\/wp\/v2\/media\/7465"}],"wp:attachment":[{"href":"https:\/\/lmpetshop.pt\/index.php\/wp-json\/wp\/v2\/media?parent=7464"}],"wp:term":[{"taxonomy":"product_cat","embeddable":true,"href":"https:\/\/lmpetshop.pt\/index.php\/wp-json\/wp\/v2\/product_cat?post=7464"},{"taxonomy":"product_tag","embeddable":true,"href":"https:\/\/lmpetshop.pt\/index.php\/wp-json\/wp\/v2\/product_tag?post=7464"}],"curies":[{"name":"wp","href":"https:\/\/api.w.org\/{rel}","templated":true}]}}