{"id":7460,"date":"2023-03-15T14:05:06","date_gmt":"2023-03-15T14:05:06","guid":{"rendered":"https:\/\/lmpetshop.pt\/?post_type=product&#038;p=7460"},"modified":"2023-05-04T09:50:13","modified_gmt":"2023-05-04T09:50:13","slug":"elimina-ododres-200ml","status":"publish","type":"product","link":"https:\/\/lmpetshop.pt\/index.php\/product\/elimina-ododres-200ml\/","title":{"rendered":"ELIMINA ODODRES 200ML"},"content":{"rendered":"<p>Removedor de odores altamente concentrado. Erradica instantaneamente os maus odores ambientais sem os mascarar.<\/p>\n<p>A sua f\u00f3rmula inovadora cont\u00e9m um princ\u00edpio activo que elimina os maus odores de uma forma totalmente eficaz. Como resultado deste processo, as mol\u00e9culas org\u00e2nicas de mau cheiro s\u00e3o instantaneamente inactivas.<\/p>\n<p>Gra\u00e7as \u00e0 sua fragr\u00e2ncia de talco, perfuma o ambiente, gerando uma sensa\u00e7\u00e3o de higiene e limpeza.<\/p>\n<p>Pode ser aplicado em salas de estar, quartos, cozinha, casa de banho, etc., em sof\u00e1s, cortinas, tapetes, roupa, etc. eliminando o cheiro da humidade, comida, tabaco, lixo, animais de estima\u00e7\u00e3o, urina, peixe, etc.<\/p>\n<p>VANTAGENS<br \/>\nMuito concentrado<br \/>\nFragr\u00e2ncia de Talco<br \/>\nN\u00e3o mancha<br \/>\nPara todos os quartos e instala\u00e7\u00f5es<br \/>\nPara todo o tipo de t\u00eaxteis<\/p>\n","protected":false},"excerpt":{"rendered":"<p>Removedor de odores altamente concentrado. Erradica instantaneamente os maus odores ambientais sem os mascarar. A sua f\u00f3rmula inovadora cont\u00e9m um princ\u00edpio activo que elimina os maus odores de uma forma totalmente eficaz. Como resultado deste processo, as mol\u00e9culas org\u00e2nicas de mau cheiro s\u00e3o instantaneamente inactivas. Gra\u00e7as \u00e0 sua fragr\u00e2ncia de talco, perfuma o ambiente, gerando [&hellip;]<\/p>\n","protected":false},"featured_media":7461,"comment_status":"open","ping_status":"closed","template":"","meta":{"om_disable_all_campaigns":false,"inline_featured_image":false,"_monsterinsights_skip_tracking":false,"_monsterinsights_sitenote_active":false,"_monsterinsights_sitenote_note":"","_monsterinsights_sitenote_category":0},"product_cat":[87,92],"product_tag":[],"class_list":["post-7460","product","type-product","status-publish","has-post-thumbnail","hentry","product_cat-caes","product_cat-higiene-e-maquinas-de-tosquiar","product_brand-caes","product_brand-menforsan-caes"],"_links":{"self":[{"href":"https:\/\/lmpetshop.pt\/index.php\/wp-json\/wp\/v2\/product\/7460"}],"collection":[{"href":"https:\/\/lmpetshop.pt\/index.php\/wp-json\/wp\/v2\/product"}],"about":[{"href":"https:\/\/lmpetshop.pt\/index.php\/wp-json\/wp\/v2\/types\/product"}],"replies":[{"embeddable":true,"href":"https:\/\/lmpetshop.pt\/index.php\/wp-json\/wp\/v2\/comments?post=7460"}],"wp:featuredmedia":[{"embeddable":true,"href":"https:\/\/lmpetshop.pt\/index.php\/wp-json\/wp\/v2\/media\/7461"}],"wp:attachment":[{"href":"https:\/\/lmpetshop.pt\/index.php\/wp-json\/wp\/v2\/media?parent=7460"}],"wp:term":[{"taxonomy":"product_cat","embeddable":true,"href":"https:\/\/lmpetshop.pt\/index.php\/wp-json\/wp\/v2\/product_cat?post=7460"},{"taxonomy":"product_tag","embeddable":true,"href":"https:\/\/lmpetshop.pt\/index.php\/wp-json\/wp\/v2\/product_tag?post=7460"}],"curies":[{"name":"wp","href":"https:\/\/api.w.org\/{rel}","templated":true}]}}