{"id":7447,"date":"2023-03-15T12:23:50","date_gmt":"2023-03-15T12:23:50","guid":{"rendered":"https:\/\/lmpetshop.pt\/?post_type=product&#038;p=7447"},"modified":"2024-10-16T10:53:30","modified_gmt":"2024-10-16T10:53:30","slug":"colonia-p-caes-de-aroma-a-talco","status":"publish","type":"product","link":"https:\/\/lmpetshop.pt\/index.php\/product\/colonia-p-caes-de-aroma-a-talco\/","title":{"rendered":"COLONIA P\/ CAES DE AROMA A TALCO"},"content":{"rendered":"<p>Eau de col\u00f3nia para c\u00e3es com fragr\u00e2ncia TALCO especialmente criada para proporcionar um cheiro fresco ap\u00f3s o banho e um efeito desodorizante intenso que \u00e9 muito agrad\u00e1vel, respeitando a pele e as propriedades olfactivas do animal.<\/p>\n<p>N\u00e3o cont\u00e9m \u00e1lcool e tem um pH neutro, sem efeitos irritantes e evitando que o c\u00e3o espirre ap\u00f3s a sua aplica\u00e7\u00e3o.<\/p>\n<p>VANTAGENS<br \/>\nN\u00e3o irrita e n\u00e3o altera as propriedades olfactivas do animal de estima\u00e7\u00e3o.<br \/>\nProporciona um cheiro fresco e agrad\u00e1vel, bem como uma ac\u00e7\u00e3o desodorizante de longa dura\u00e7\u00e3o<br \/>\npH neutro<br \/>\nFragr\u00e2ncia: Talco<br \/>\nSem \u00e1lcool<\/p>\n","protected":false},"excerpt":{"rendered":"<p>Eau de col\u00f3nia para c\u00e3es com fragr\u00e2ncia TALCO especialmente criada para proporcionar um cheiro fresco ap\u00f3s o banho e um efeito desodorizante intenso que \u00e9 muito agrad\u00e1vel, respeitando a pele e as propriedades olfactivas do animal. N\u00e3o cont\u00e9m \u00e1lcool e tem um pH neutro, sem efeitos irritantes e evitando que o c\u00e3o espirre ap\u00f3s a [&hellip;]<\/p>\n","protected":false},"featured_media":7449,"comment_status":"open","ping_status":"closed","template":"","meta":{"om_disable_all_campaigns":false,"inline_featured_image":false,"_monsterinsights_skip_tracking":false,"_monsterinsights_sitenote_active":false,"_monsterinsights_sitenote_note":"","_monsterinsights_sitenote_category":0},"product_cat":[87,92],"product_tag":[],"class_list":["post-7447","product","type-product","status-publish","has-post-thumbnail","hentry","product_cat-caes","product_cat-higiene-e-maquinas-de-tosquiar","product_brand-caes","product_brand-menforsan-caes"],"_links":{"self":[{"href":"https:\/\/lmpetshop.pt\/index.php\/wp-json\/wp\/v2\/product\/7447"}],"collection":[{"href":"https:\/\/lmpetshop.pt\/index.php\/wp-json\/wp\/v2\/product"}],"about":[{"href":"https:\/\/lmpetshop.pt\/index.php\/wp-json\/wp\/v2\/types\/product"}],"replies":[{"embeddable":true,"href":"https:\/\/lmpetshop.pt\/index.php\/wp-json\/wp\/v2\/comments?post=7447"}],"wp:featuredmedia":[{"embeddable":true,"href":"https:\/\/lmpetshop.pt\/index.php\/wp-json\/wp\/v2\/media\/7449"}],"wp:attachment":[{"href":"https:\/\/lmpetshop.pt\/index.php\/wp-json\/wp\/v2\/media?parent=7447"}],"wp:term":[{"taxonomy":"product_cat","embeddable":true,"href":"https:\/\/lmpetshop.pt\/index.php\/wp-json\/wp\/v2\/product_cat?post=7447"},{"taxonomy":"product_tag","embeddable":true,"href":"https:\/\/lmpetshop.pt\/index.php\/wp-json\/wp\/v2\/product_tag?post=7447"}],"curies":[{"name":"wp","href":"https:\/\/api.w.org\/{rel}","templated":true}]}}