{"id":7414,"date":"2023-03-15T12:00:09","date_gmt":"2023-03-15T12:00:09","guid":{"rendered":"https:\/\/lmpetshop.pt\/?post_type=product&#038;p=7414"},"modified":"2024-10-16T11:16:53","modified_gmt":"2024-10-16T11:16:53","slug":"champo-espuma-seca","status":"publish","type":"product","link":"https:\/\/lmpetshop.pt\/index.php\/product\/champo-espuma-seca\/","title":{"rendered":"CHAMPO ESPUMA SECA 200ml"},"content":{"rendered":"<p>Champ\u00f4 de espuma que permite a limpeza sem \u00e1gua das peles de c\u00e3es e gatos. Aloe vera da sua composi\u00e7\u00e3o, hidrata, acalma e repara a pele, al\u00e9m de dar brilho e suavidade ao p\u00ealo, facilitando a escovagem.<\/p>\n<p>Especialmente indicado para a limpeza r\u00e1pida sem \u00e1gua de qualquer parte do corpo, tamb\u00e9m em cachorros, animais de estima\u00e7\u00e3o convalescentes, com pele sens\u00edvel e f\u00eameas em lacta\u00e7\u00e3o.<\/p>\n<p>VANTAGENS<br \/>\npH neutro<br \/>\nSem \u00e1gua<br \/>\nalo\u00e9 vera 100% natural<br \/>\nFragr\u00e2ncia: morango<br \/>\nPara c\u00e3es e gatos<\/p>\n","protected":false},"excerpt":{"rendered":"<p>Champ\u00f4 de espuma que permite a limpeza sem \u00e1gua das peles de c\u00e3es e gatos. Aloe vera da sua composi\u00e7\u00e3o, hidrata, acalma e repara a pele, al\u00e9m de dar brilho e suavidade ao p\u00ealo, facilitando a escovagem. Especialmente indicado para a limpeza r\u00e1pida sem \u00e1gua de qualquer parte do corpo, tamb\u00e9m em cachorros, animais de [&hellip;]<\/p>\n","protected":false},"featured_media":8344,"comment_status":"open","ping_status":"closed","template":"","meta":{"om_disable_all_campaigns":false,"inline_featured_image":false,"_monsterinsights_skip_tracking":false,"_monsterinsights_sitenote_active":false,"_monsterinsights_sitenote_note":"","_monsterinsights_sitenote_category":0},"product_cat":[87,110,102,92],"product_tag":[],"class_list":["post-7414","product","type-product","status-publish","has-post-thumbnail","hentry","product_cat-caes","product_cat-caixas-de-areia-e-higiene","product_cat-gatos","product_cat-higiene-e-maquinas-de-tosquiar","product_brand-caes","product_brand-menforsan-caes"],"_links":{"self":[{"href":"https:\/\/lmpetshop.pt\/index.php\/wp-json\/wp\/v2\/product\/7414"}],"collection":[{"href":"https:\/\/lmpetshop.pt\/index.php\/wp-json\/wp\/v2\/product"}],"about":[{"href":"https:\/\/lmpetshop.pt\/index.php\/wp-json\/wp\/v2\/types\/product"}],"replies":[{"embeddable":true,"href":"https:\/\/lmpetshop.pt\/index.php\/wp-json\/wp\/v2\/comments?post=7414"}],"wp:featuredmedia":[{"embeddable":true,"href":"https:\/\/lmpetshop.pt\/index.php\/wp-json\/wp\/v2\/media\/8344"}],"wp:attachment":[{"href":"https:\/\/lmpetshop.pt\/index.php\/wp-json\/wp\/v2\/media?parent=7414"}],"wp:term":[{"taxonomy":"product_cat","embeddable":true,"href":"https:\/\/lmpetshop.pt\/index.php\/wp-json\/wp\/v2\/product_cat?post=7414"},{"taxonomy":"product_tag","embeddable":true,"href":"https:\/\/lmpetshop.pt\/index.php\/wp-json\/wp\/v2\/product_tag?post=7414"}],"curies":[{"name":"wp","href":"https:\/\/api.w.org\/{rel}","templated":true}]}}