{"id":6811,"date":"2023-02-07T16:45:14","date_gmt":"2023-02-07T16:45:14","guid":{"rendered":"https:\/\/lmpetshop.pt\/?post_type=product&#038;p=6811"},"modified":"2025-03-12T15:46:50","modified_gmt":"2025-03-12T15:46:50","slug":"3kg-libra-adult-mini-salmon","status":"publish","type":"product","link":"https:\/\/lmpetshop.pt\/index.php\/product\/3kg-libra-adult-mini-salmon\/","title":{"rendered":"3kg Libra Adult Mini Salmon"},"content":{"rendered":"<p>Alimento completo e equilibrado para c\u00e3es adultos de pequeno porte.<\/p>\n<p><strong>Ingredientes:<\/strong><br \/>\nCereais (trigo integral 4%, milho integral 4%), carnes e subprodutos animais, extratos de prote\u00ednas vegetais, legumes, \u00f3leos e gorduras, subprodutos de origem vegetal, peixes e subprodutos de peixes<br \/>\n(salm\u00e3o desidratado 4%), subst\u00e2ncias minerais.<\/p>\n<p>&nbsp;<\/p>\n","protected":false},"excerpt":{"rendered":"<p>Alimento completo e equilibrado para c\u00e3es adultos de pequeno porte. Ingredientes: Cereais (trigo integral 4%, milho integral 4%), carnes e subprodutos animais, extratos de prote\u00ednas vegetais, legumes, \u00f3leos e gorduras, subprodutos de origem vegetal, peixes e subprodutos de peixes (salm\u00e3o desidratado 4%), subst\u00e2ncias minerais. &nbsp;<\/p>\n","protected":false},"featured_media":6812,"comment_status":"open","ping_status":"closed","template":"","meta":{"om_disable_all_campaigns":false,"inline_featured_image":false,"_monsterinsights_skip_tracking":false,"_monsterinsights_sitenote_active":false,"_monsterinsights_sitenote_note":"","_monsterinsights_sitenote_category":0},"product_cat":[87,89],"product_tag":[],"class_list":["post-6811","product","type-product","status-publish","has-post-thumbnail","hentry","product_cat-caes","product_cat-racao-seca-cao","product_brand-caes","product_brand-libra"],"_links":{"self":[{"href":"https:\/\/lmpetshop.pt\/index.php\/wp-json\/wp\/v2\/product\/6811"}],"collection":[{"href":"https:\/\/lmpetshop.pt\/index.php\/wp-json\/wp\/v2\/product"}],"about":[{"href":"https:\/\/lmpetshop.pt\/index.php\/wp-json\/wp\/v2\/types\/product"}],"replies":[{"embeddable":true,"href":"https:\/\/lmpetshop.pt\/index.php\/wp-json\/wp\/v2\/comments?post=6811"}],"wp:featuredmedia":[{"embeddable":true,"href":"https:\/\/lmpetshop.pt\/index.php\/wp-json\/wp\/v2\/media\/6812"}],"wp:attachment":[{"href":"https:\/\/lmpetshop.pt\/index.php\/wp-json\/wp\/v2\/media?parent=6811"}],"wp:term":[{"taxonomy":"product_cat","embeddable":true,"href":"https:\/\/lmpetshop.pt\/index.php\/wp-json\/wp\/v2\/product_cat?post=6811"},{"taxonomy":"product_tag","embeddable":true,"href":"https:\/\/lmpetshop.pt\/index.php\/wp-json\/wp\/v2\/product_tag?post=6811"}],"curies":[{"name":"wp","href":"https:\/\/api.w.org\/{rel}","templated":true}]}}