{"id":6748,"date":"2023-01-25T15:06:28","date_gmt":"2023-01-25T15:06:28","guid":{"rendered":"https:\/\/lmpetshop.pt\/?post_type=product&#038;p=6748"},"modified":"2024-10-16T13:58:46","modified_gmt":"2024-10-16T13:58:46","slug":"3kg-arion-friends-junior-puppy","status":"publish","type":"product","link":"https:\/\/lmpetshop.pt\/index.php\/product\/3kg-arion-friends-junior-puppy\/","title":{"rendered":"Arion Friends Junior Puppy 3kg"},"content":{"rendered":"<h3>ARION FRIENDS JUNIOR<\/h3>\n<p>Arion Friends Junior \u00e9 um alimento completo para cachorros. Foi concebido para alcan\u00e7ar um desenvolvimento harmonioso dos cachorros at\u00e9 aos 12 ou 18 meses de vida, dependendo do tamanho adulto da ra\u00e7a. As ra\u00e7as grandes e gigantes terminam o seu desenvolvimento mais tarde, tendo por isso de continuar a consumir este produto at\u00e9 atingirem o seu tamanho definitivo. Incorpora n\u00edveis elevados de prote\u00ednas de qualidade, tais como carne de frango, hemoglobina e peixe, para promover um crescimento vigoroso do cachorro. A incorpora\u00e7\u00e3o de condroprotetores e L-carnitina garante um crescimento equilibrado e a prote\u00e7\u00e3o das articula\u00e7\u00f5es.<\/p>\n<p><strong class=\"pink\">Ingredientes:<\/strong>\u00a0Carne desidratada de vaca e porco, cevada integral, trigo integral, carne desidratada de frango, gordura de ave, hemoglobina, arroz, polpa de beterraba, peixe desidratado, prote\u00edna hidrolisada de ave, lecitina, F.O.S., glucosamina, sulfato de condroitina, L-carnitina.<\/p>\n<p><strong>Nutrientes em destaque e os seus benef\u00edcios:<\/strong><\/p>\n<div id=\"tablas-composicion\">\n<div class=\"single-table\">\n<table class=\"table\">\n<tbody>\n<tr>\n<th colspan=\"2\">CONSTITUINTES ANAL\u00cdTICOS<\/th>\n<\/tr>\n<tr>\n<td class=\"rosa\">Prote\u00edna bruta<\/td>\n<td class=\"rosa\">30 %<\/td>\n<\/tr>\n<tr>\n<td class=\"\">Gordura bruta<\/td>\n<td class=\"\">14 %<\/td>\n<\/tr>\n<tr>\n<td class=\"rosa\">Fibra bruta<\/td>\n<td class=\"rosa\">3 %<\/td>\n<\/tr>\n<tr>\n<td class=\"\">Cinza bruta<\/td>\n<td class=\"\">7 %<\/td>\n<\/tr>\n<tr>\n<td class=\"rosa\">C\u00e1lcio<\/td>\n<td class=\"rosa\">1,8 %<\/td>\n<\/tr>\n<tr>\n<td class=\"\">F\u00f3sforo<\/td>\n<td class=\"\">1,5 %<\/td>\n<\/tr>\n<tr>\n<td class=\"rosa\">\u00c1cidos gordos \u00f3mega 3<\/td>\n<td class=\"rosa\">3.900 mg\/kg<\/td>\n<\/tr>\n<tr>\n<td class=\"\">Sulfato de condroitina<\/td>\n<td class=\"\">170 mg\/kg<\/td>\n<\/tr>\n<tr>\n<td class=\"rosa\">Glucosamina<\/td>\n<td class=\"rosa\">240 mg\/kg<\/td>\n<\/tr>\n<tr>\n<td class=\"\">L-carnitina<\/td>\n<td class=\"\">100 mg\/kg<\/td>\n<\/tr>\n<tr>\n<td class=\"rosa\">Taurina<\/td>\n<td class=\"rosa\">1.100 mg\/kg<\/td>\n<\/tr>\n<\/tbody>\n<\/table>\n<\/div>\n<div class=\"single-table\">\n<table class=\"table\">\n<tbody>\n<tr>\n<th colspan=\"2\">ADITIVOS NUTRICIONAIS<\/th>\n<\/tr>\n<tr>\n<td class=\"rosa\">Vitamina A 3a672a<\/td>\n<td class=\"rosa\">28.800 UI<\/td>\n<\/tr>\n<tr>\n<td class=\"\">Vitamina D3 3a671<\/td>\n<td class=\"\">1.980 UI<\/td>\n<\/tr>\n<tr>\n<td class=\"rosa\">Vitamina E 3a700<\/td>\n<td class=\"rosa\">225 mg\/kg<\/td>\n<\/tr>\n<tr>\n<td class=\"\">Hierro &#8211; Fe: Carbonato de ferro (3b101)<\/td>\n<td class=\"\">70 mg\/kg<\/td>\n<\/tr>\n<tr>\n<td class=\"rosa\">Hierro &#8211; Fe: Quelato de ferro de amino\u00e1cidos hidratado (3b101)<\/td>\n<td class=\"rosa\">28 mg\/kg<\/td>\n<\/tr>\n<tr>\n<td class=\"\">Cobre &#8211; Cu: Sulfato de cobre penta-hidratado (3b405)<\/td>\n<td class=\"\">5,1 mg\/kg<\/td>\n<\/tr>\n<tr>\n<td class=\"rosa\">Cobre &#8211; Cu: Quelato de cobre de amino\u00e1cidos hidratado (3b405)<\/td>\n<td class=\"rosa\">3,9 mg\/kg<\/td>\n<\/tr>\n<\/tbody>\n<\/table>\n<\/div>\n<div class=\"single-table\">\n<table class=\"table\">\n<tbody>\n<tr>\n<th colspan=\"2\">ADITIVOS NUTRICIONAIS<\/th>\n<\/tr>\n<tr>\n<td class=\"\">Manganeso &#8211; Mn: \u00d3xido de mangan\u00eas (3b502)<\/td>\n<td class=\"\">46,5 mg\/kg<\/td>\n<\/tr>\n<tr>\n<td class=\"rosa\">Manganeso &#8211; Mn: Quelato de mangan\u00eas de amino\u00e1cidos hidratado (3b502)<\/td>\n<td class=\"rosa\">7,5 mg\/kg<\/td>\n<\/tr>\n<tr>\n<td class=\"\">Iodo &#8211; I: Iodeto de pot\u00e1sio (3b201)<\/td>\n<td class=\"\">1,5 mg\/kg<\/td>\n<\/tr>\n<tr>\n<td class=\"rosa\">Zinc &#8211; Zn: \u00d3xido de zinco (3b603)<\/td>\n<td class=\"rosa\">65 mg\/kg<\/td>\n<\/tr>\n<tr>\n<td class=\"\">Zinc &#8211; Zn: Quelato de zinco de amino\u00e1cidos hidratado (3b603)<\/td>\n<td class=\"\">15 mg\/kg<\/td>\n<\/tr>\n<tr>\n<td class=\"rosa\">Selenio &#8211; Se: Selenito de s\u00f3dio (3b801)<\/td>\n<td class=\"rosa\">0,1 mg\/kg<\/td>\n<\/tr>\n<\/tbody>\n<\/table>\n<\/div>\n<div><\/div>\n<\/div>\n<div class=\"caracteristicas\">\n<table>\n<tbody>\n<tr>\n<td><img decoding=\"async\" title=\"Condroprote\u00e7\u00e3o \/ equil\u00edbrio Ca\/P\" src=\"https:\/\/www.arion-petfood.pt\/wp-content\/themes\/arion-petfood\/images\/car_204.png\" alt=\"Condroprote\u00e7\u00e3o \/ equil\u00edbrio Ca\/P\" width=\"80\" \/><\/td>\n<td class=\"description\" valign=\"middle\">Condroprote\u00e7\u00e3o \/ equil\u00edbrio Ca\/P<\/td>\n<\/tr>\n<tr>\n<td><img decoding=\"async\" title=\"FOS.: fruto-oligossacar\u00eddeos que favorecem o equil\u00edbrio da flora intestinal\" src=\"https:\/\/www.arion-petfood.pt\/wp-content\/themes\/arion-petfood\/images\/car_205.png\" alt=\"FOS.: fruto-oligossacar\u00eddeos que favorecem o equil\u00edbrio da flora intestinal\" width=\"80\" \/><\/td>\n<td class=\"description\" valign=\"middle\">FOS.: fruto-oligossacar\u00eddeos que favorecem o equil\u00edbrio da flora intestinal<\/td>\n<\/tr>\n<tr>\n<td><img decoding=\"async\" title=\"Elevada digestibilidade\" src=\"https:\/\/www.arion-petfood.pt\/wp-content\/themes\/arion-petfood\/images\/car_207.png\" alt=\"Elevada digestibilidade\" width=\"80\" \/><\/td>\n<td class=\"description\" valign=\"middle\">Elevada digestibilidade<\/td>\n<\/tr>\n<\/tbody>\n<\/table>\n<\/div>\n<div id=\"tabla-cdr\">\n<p><strong class=\"pink\">Quantidade di\u00e1ria recomendada:<\/strong><\/p>\n<table class=\"table table-bordered\" width=\"291\">\n<tbody>\n<tr>\n<th width=\"78\"><strong>Peso adulto<\/strong><\/th>\n<th width=\"103\"><strong>&lt; 2 meses<\/strong><\/th>\n<th width=\"78\">3 &#8211; 5 meses<\/th>\n<th width=\"103\"><strong>6 &#8211; 8 meses<\/strong><\/th>\n<th width=\"103\"><strong>8 &#8211; 12 meses<\/strong><\/th>\n<\/tr>\n<tr>\n<td width=\"78\"><strong>2 &#8211; 5 kg<\/strong><\/td>\n<td width=\"103\">\u00a075 &#8211; 110 g<\/td>\n<td width=\"78\">85 -13 5 g<\/td>\n<td width=\"103\">75 &#8211; 125 g<\/td>\n<td width=\"103\">\u00a0&#8211;<\/td>\n<\/tr>\n<tr>\n<td width=\"78\"><strong>5 &#8211; 10 kg<\/strong><\/td>\n<td width=\"103\">140 &#8211; 185 g<\/td>\n<td width=\"78\">150 &#8211; 235 g<\/td>\n<td width=\"103\">135 &#8211; 220 g<\/td>\n<td width=\"103\">\u00a0&#8211;<\/td>\n<\/tr>\n<tr>\n<td width=\"78\"><strong>10 &#8211; 15 kg<\/strong><\/td>\n<td width=\"103\">185 &#8211; 245 g<\/td>\n<td width=\"78\">235 &#8211; 295 g<\/td>\n<td width=\"103\">245 &#8211; 320 g<\/td>\n<td width=\"103\">238 &#8211; 285 g<\/td>\n<\/tr>\n<tr>\n<td width=\"78\"><strong>15 &#8211; 25 kg<\/strong><\/td>\n<td width=\"103\">245 &#8211; 355 g<\/td>\n<td width=\"78\">295 &#8211; 430 g<\/td>\n<td width=\"103\">320 &#8211; 480 g<\/td>\n<td width=\"103\">285 &#8211; 445 g<\/td>\n<\/tr>\n<tr>\n<td width=\"78\"><strong>25 &#8211; 35 kg<\/strong><\/td>\n<td width=\"103\">355 &#8211; 400 g<\/td>\n<td width=\"78\">430 &#8211; 560 g<\/td>\n<td width=\"103\">480 &#8211; 605 g<\/td>\n<td width=\"103\">445 &#8211; 615 g<\/td>\n<\/tr>\n<tr>\n<td width=\"78\"><strong>+ 35 kg<\/strong><\/td>\n<td width=\"103\">400 &#8211; 490 g<\/td>\n<td width=\"78\">560 &#8211; 840 g<\/td>\n<td width=\"103\">605 &#8211; 910 g<\/td>\n<td width=\"103\">605 &#8211; 900 g<\/td>\n<\/tr>\n<\/tbody>\n<\/table>\n<\/div>\n","protected":false},"excerpt":{"rendered":"<p>ARION FRIENDS JUNIOR Arion Friends Junior \u00e9 um alimento completo para cachorros. Foi concebido para alcan\u00e7ar um desenvolvimento harmonioso dos cachorros at\u00e9 aos 12 ou 18 meses de vida, dependendo do tamanho adulto da ra\u00e7a. As ra\u00e7as grandes e gigantes terminam o seu desenvolvimento mais tarde, tendo por isso de continuar a consumir este produto [&hellip;]<\/p>\n","protected":false},"featured_media":6749,"comment_status":"open","ping_status":"closed","template":"","meta":{"om_disable_all_campaigns":false,"inline_featured_image":false,"_monsterinsights_skip_tracking":false,"_monsterinsights_sitenote_active":false,"_monsterinsights_sitenote_note":"","_monsterinsights_sitenote_category":0},"product_cat":[87,89],"product_tag":[],"class_list":["post-6748","product","type-product","status-publish","has-post-thumbnail","hentry","product_cat-caes","product_cat-racao-seca-cao","product_brand-arion-caes","product_brand-caes"],"_links":{"self":[{"href":"https:\/\/lmpetshop.pt\/index.php\/wp-json\/wp\/v2\/product\/6748"}],"collection":[{"href":"https:\/\/lmpetshop.pt\/index.php\/wp-json\/wp\/v2\/product"}],"about":[{"href":"https:\/\/lmpetshop.pt\/index.php\/wp-json\/wp\/v2\/types\/product"}],"replies":[{"embeddable":true,"href":"https:\/\/lmpetshop.pt\/index.php\/wp-json\/wp\/v2\/comments?post=6748"}],"wp:featuredmedia":[{"embeddable":true,"href":"https:\/\/lmpetshop.pt\/index.php\/wp-json\/wp\/v2\/media\/6749"}],"wp:attachment":[{"href":"https:\/\/lmpetshop.pt\/index.php\/wp-json\/wp\/v2\/media?parent=6748"}],"wp:term":[{"taxonomy":"product_cat","embeddable":true,"href":"https:\/\/lmpetshop.pt\/index.php\/wp-json\/wp\/v2\/product_cat?post=6748"},{"taxonomy":"product_tag","embeddable":true,"href":"https:\/\/lmpetshop.pt\/index.php\/wp-json\/wp\/v2\/product_tag?post=6748"}],"curies":[{"name":"wp","href":"https:\/\/api.w.org\/{rel}","templated":true}]}}