{"id":6616,"date":"2023-01-20T15:14:30","date_gmt":"2023-01-20T15:14:30","guid":{"rendered":"https:\/\/lmpetshop.pt\/?post_type=product&#038;p=6616"},"modified":"2026-03-30T11:02:29","modified_gmt":"2026-03-30T11:02:29","slug":"1-5kg-royal-canin-yorkshire-terrier-adult","status":"publish","type":"product","link":"https:\/\/lmpetshop.pt\/index.php\/product\/1-5kg-royal-canin-yorkshire-terrier-adult\/","title":{"rendered":"Royal Canin Yorkshire Terrier Adult &#8211; 1,5kg"},"content":{"rendered":"<p>Para c\u00e3es adultos com mais de 10 meses.<\/p>\n<div class=\"rc-template__benefit-item rc-margin-x--none rc-padding-bottom--md--desktop rc-padding-bottom--md--mobile rc-padding-x--sm--desktop \">\n<div class=\"rc-padding-x--none--mobile \">\n<h3 class=\"rc-delta rc-margin-y--none rc-padding-bottom--sm--mobile rc-padding-bottom--xs--desktop\">Sa\u00fade da pelagem<\/h3>\n<p class=\"rc-margin-y--none\">Esta f\u00f3rmula exclusiva contribui para manter a sa\u00fade da longa pelagem do Yorkshire Terrier. Enriquecida com um teor adaptado de \u00e1cidos gordos \u00f3mega 3 (EPA e DHA), \u00e1cidos gordos \u00f3mega 6, \u00f3leo de borragem e biotina.<\/p>\n<\/div>\n<\/div>\n<div class=\"rc-template__benefit-item rc-margin-x--none rc-padding-bottom--md--desktop rc-padding-bottom--md--mobile rc-padding-x--sm--desktop \">\n<div class=\"rc-padding-x--none--mobile \">\n<h3 class=\"rc-delta rc-margin-y--none rc-padding-bottom--sm--mobile rc-padding-bottom--xs--desktop\">Croquete exclusivo: sa\u00fade bucodent\u00e1ria<\/h3>\n<p class=\"rc-margin-y--none\">Esta f\u00f3rmula ajuda a reduzir a forma\u00e7\u00e3o de t\u00e1rtaro gra\u00e7as a quelantes de c\u00e1lcio.<\/p>\n<\/div>\n<\/div>\n<div class=\"rc-template__benefit-item rc-margin-x--none rc-padding-bottom--md--desktop rc-padding-bottom--md--mobile rc-padding-x--sm--desktop \">\n<div class=\"rc-padding-x--none--mobile \">\n<h3 class=\"rc-delta rc-margin-y--none rc-padding-bottom--sm--mobile rc-padding-bottom--xs--desktop\">Satisfaz apetites caprichosos<\/h3>\n<p class=\"rc-margin-y--none\">Esta f\u00f3rmula satisfaz os apetites mais caprichosos gra\u00e7as a uma combina\u00e7\u00e3o de aromas excecionais.<\/p>\n<\/div>\n<\/div>\n<div class=\"rc-template__benefit-item rc-margin-x--none rc-padding-bottom--md--desktop rc-padding-bottom--md--mobile rc-padding-x--sm--desktop \">\n<div class=\"rc-padding-x--none--mobile \">\n<h3 class=\"rc-delta rc-margin-y--none rc-padding-bottom--sm--mobile rc-padding-bottom--xs--desktop\">Suporte do envelhecimento saud\u00e1vel<\/h3>\n<p class=\"rc-margin-y--none\">Esta f\u00f3rmula proporciona uma sele\u00e7\u00e3o de nutrientes para ajudar a manter a sa\u00fade em c\u00e3es maturos.<\/p>\n<p>Porque cada ra\u00e7a tem as suas pr\u00f3prias exig\u00eancias espec\u00edficas, a gama Breed Health Nutrition de ROYAL CANIN\u00ae cuida das necessidades diet\u00e9ticas dos c\u00e3es de diferentes ra\u00e7as para apoiar uma \u00f3tima sa\u00fade. Adequado para Yorkshire Terriers com mais de 10 meses de idade, ROYAL CANIN\u00ae Yorkshire Terrier Adult \u00e9 especialmente formulado com todas as necessidades nutricionais do seu c\u00e3o adulto em mente. ROYAL CANIN\u00ae Yorkshire Terrier Adult contribui para manter a sa\u00fade do pelo do seu Yorkie atrav\u00e9s de um teor adaptado enriquecido por \u00e1cidos gordos \u00f3mega-3 essenciais (EPA &amp; DHA), \u00e1cidos gordos \u00f3mega-6, \u00f3leo de borragem e biotina. ROYAL CANIN\u00ae Yorkshire Terrier Adult satisfaz at\u00e9 mesmo o mais exigente dos apetites, gra\u00e7as a uma combina\u00e7\u00e3o de aromas excecionais que o seu c\u00e3o n\u00e3o ser\u00e1 capaz de resistir! Boa higiene oral \u00e9 uma considera\u00e7\u00e3o importante ao selecionar a alimenta\u00e7\u00e3o do seu c\u00e3o. ROYAL CANIN\u00ae Yorkshire Terrier Adult ajuda a retardar a forma\u00e7\u00e3o de t\u00e1rtaro atrav\u00e9s de uma inclus\u00e3o precisa de quelantes de c\u00e1lcio no croquete. Para cuidar das prefer\u00eancias individuais de cada c\u00e3o, ROYAL CANIN\u00ae Yorkshire Terrier Adult tamb\u00e9m est\u00e1 dispon\u00edvel como alimento h\u00famido num pat\u00ea macio e arom\u00e1tico. Se est\u00e1 a considerar uma alimenta\u00e7\u00e3o mista, basta seguir as nossas orienta\u00e7\u00f5es de alimenta\u00e7\u00e3o para se assegurar de que o seu c\u00e3o obt\u00e9m a quantidade exata de alimento h\u00famido e seco para um \u00f3timo benef\u00edcio.<\/p>\n<\/div>\n<\/div>\n","protected":false},"excerpt":{"rendered":"<p>Para c\u00e3es adultos com mais de 10 meses. Sa\u00fade da pelagem Esta f\u00f3rmula exclusiva contribui para manter a sa\u00fade da longa pelagem do Yorkshire Terrier. Enriquecida com um teor adaptado de \u00e1cidos gordos \u00f3mega 3 (EPA e DHA), \u00e1cidos gordos \u00f3mega 6, \u00f3leo de borragem e biotina. Croquete exclusivo: sa\u00fade bucodent\u00e1ria Esta f\u00f3rmula ajuda a [&hellip;]<\/p>\n","protected":false},"featured_media":6617,"comment_status":"open","ping_status":"closed","template":"","meta":{"om_disable_all_campaigns":false,"inline_featured_image":false,"_monsterinsights_skip_tracking":false,"_monsterinsights_sitenote_active":false,"_monsterinsights_sitenote_note":"","_monsterinsights_sitenote_category":0},"product_cat":[87,101,89],"product_tag":[],"class_list":["post-6616","product","type-product","status-publish","has-post-thumbnail","hentry","product_cat-caes","product_cat-especial-racas","product_cat-racao-seca-cao","product_brand-caes","product_brand-royal-canin"],"_links":{"self":[{"href":"https:\/\/lmpetshop.pt\/index.php\/wp-json\/wp\/v2\/product\/6616"}],"collection":[{"href":"https:\/\/lmpetshop.pt\/index.php\/wp-json\/wp\/v2\/product"}],"about":[{"href":"https:\/\/lmpetshop.pt\/index.php\/wp-json\/wp\/v2\/types\/product"}],"replies":[{"embeddable":true,"href":"https:\/\/lmpetshop.pt\/index.php\/wp-json\/wp\/v2\/comments?post=6616"}],"wp:featuredmedia":[{"embeddable":true,"href":"https:\/\/lmpetshop.pt\/index.php\/wp-json\/wp\/v2\/media\/6617"}],"wp:attachment":[{"href":"https:\/\/lmpetshop.pt\/index.php\/wp-json\/wp\/v2\/media?parent=6616"}],"wp:term":[{"taxonomy":"product_cat","embeddable":true,"href":"https:\/\/lmpetshop.pt\/index.php\/wp-json\/wp\/v2\/product_cat?post=6616"},{"taxonomy":"product_tag","embeddable":true,"href":"https:\/\/lmpetshop.pt\/index.php\/wp-json\/wp\/v2\/product_tag?post=6616"}],"curies":[{"name":"wp","href":"https:\/\/api.w.org\/{rel}","templated":true}]}}